{"id":13824,"date":"2019-10-05T19:48:44","date_gmt":"2019-10-05T17:48:44","guid":{"rendered":"https:\/\/norens3.b22c.se\/our-services\/design\/infringement-commercialization\/"},"modified":"2020-01-10T13:50:15","modified_gmt":"2020-01-10T12:50:15","slug":"infringement-commercialization","status":"publish","type":"page","link":"https:\/\/norens.se\/en\/our-services\/design\/infringement-commercialization\/","title":{"rendered":"Infringement &#038; commercialization"},"content":{"rendered":"<p>[et_pb_section fb_built=&#8221;1&#8243; custom_padding_last_edited=&#8221;on|desktop&#8221; disabled_on=&#8221;on|on|off&#8221; _builder_version=&#8221;3.27.4&#8243; background_color=&#8221;#f7f7f7&#8243; parallax=&#8221;on&#8221; width=&#8221;100%&#8221; width_tablet=&#8221;100%&#8221; width_phone=&#8221;&#8221; width_last_edited=&#8221;on|desktop&#8221; max_width=&#8221;100%&#8221; module_alignment=&#8221;center&#8221; custom_margin_tablet=&#8221;&#8221; custom_margin_phone=&#8221;&#8221; custom_margin_last_edited=&#8221;on|desktop&#8221; custom_padding=&#8221;10px||10px||false|false&#8221; custom_padding_tablet=&#8221;0px||0px|||&#8221; custom_padding_phone=&#8221;&#8221; top_divider_color=&#8221;#0b07f4&#8243; bottom_divider_color=&#8221;#001e57&#8243; bottom_divider_flip=&#8221;vertical|horizontal&#8221; animation_style=&#8221;fade&#8221; animation_duration=&#8221;650ms&#8221; animation_delay=&#8221;250ms&#8221; animation_speed_curve=&#8221;ease&#8221; box_shadow_style=&#8221;preset1&#8243; box_shadow_spread=&#8221;-10px&#8221;][et_pb_row column_structure=&#8221;1_2,1_4,1_4&#8243; _builder_version=&#8221;3.27.4&#8243; width_tablet=&#8221;&#8221; width_phone=&#8221;&#8221; width_last_edited=&#8221;on|phone&#8221; custom_margin=&#8221;||||false|false&#8221; custom_margin_tablet=&#8221;||||false|false&#8221; custom_margin_phone=&#8221;&#8221; custom_margin_last_edited=&#8221;on|phone&#8221; module_alignment_tablet=&#8221;center&#8221; module_alignment_phone=&#8221;center&#8221; module_alignment_last_edited=&#8221;on|tablet&#8221;][et_pb_column type=&#8221;1_2&#8243; _builder_version=&#8221;3.26.6&#8243;][et_pb_image src=&#8221;https:\/\/norens.se\/wp-content\/uploads\/2019\/09\/NORENS_1000.png&#8221; url=&#8221;https:\/\/norens.se\/en\/&#8221; _builder_version=&#8221;3.27.4&#8243; width_tablet=&#8221;&#8221; width_phone=&#8221;&#8221; width_last_edited=&#8221;on|desktop&#8221;][\/et_pb_image][\/et_pb_column][et_pb_column type=&#8221;1_4&#8243; _builder_version=&#8221;3.26.6&#8243;][\/et_pb_column][et_pb_column type=&#8221;1_4&#8243; _builder_version=&#8221;3.26.6&#8243;][et_pb_text _builder_version=&#8221;3.27.4&#8243; text_text_color=&#8221;#18234f&#8221; text_line_height=&#8221;0.8em&#8221; header_font=&#8221;||||||||&#8221; header_text_align=&#8221;center&#8221; header_text_color=&#8221;#001e57&#8243; header_2_font=&#8221;Open Sans|600||on|||||&#8221; header_2_text_color=&#8221;#f451c6&#8243; header_2_font_size=&#8221;10px&#8221; header_2_letter_spacing=&#8221;2px&#8221; header_2_line_height=&#8221;0em&#8221; header_4_text_color=&#8221;#001e57&#8243; header_6_text_color=&#8221;#001e57&#8243; width=&#8221;100%&#8221; width_tablet=&#8221;80%&#8221; width_phone=&#8221;90%&#8221; width_last_edited=&#8221;off|desktop&#8221; module_alignment=&#8221;center&#8221; custom_margin=&#8221;||||false|false&#8221; custom_margin_tablet=&#8221;|||||&#8221; custom_margin_phone=&#8221;|40px||40px|false|false&#8221; custom_margin_last_edited=&#8221;on|desktop&#8221; custom_padding=&#8221;||||false|false&#8221; custom_padding_tablet=&#8221;|40px|||false|false&#8221; custom_padding_phone=&#8221;|40px||40px|false|false&#8221; custom_padding_last_edited=&#8221;on|phone&#8221; text_font_size_tablet=&#8221;14px&#8221; text_font_size_phone=&#8221;16px&#8221; text_font_size_last_edited=&#8221;on|tablet&#8221; text_line_height_tablet=&#8221;&#8221; text_line_height_phone=&#8221;1.4em&#8221; text_line_height_last_edited=&#8221;on|desktop&#8221; text_text_align=&#8221;center&#8221; width__hover_enabled=&#8221;on|desktop&#8221;]<\/p>\n<h2 class=\"font_8\" style=\"text-align: right;\">CONTACT<\/h2>\n<p>[\/et_pb_text][et_pb_text _builder_version=&#8221;4.0.11&#8243; text_font=&#8221;|||on|||||&#8221; text_text_color=&#8221;#18234f&#8221; text_font_size=&#8221;10px&#8221; text_letter_spacing=&#8221;2px&#8221; text_line_height=&#8221;1.6em&#8221; header_font=&#8221;||||||||&#8221; header_text_align=&#8221;center&#8221; header_text_color=&#8221;#001e57&#8243; header_2_font=&#8221;Times New Roman|600|on||||||&#8221; header_2_text_color=&#8221;#001e57&#8243; header_4_text_color=&#8221;#001e57&#8243; header_6_text_color=&#8221;#001e57&#8243; width=&#8221;100%&#8221; width_tablet=&#8221;80%&#8221; width_phone=&#8221;90%&#8221; width_last_edited=&#8221;off|desktop&#8221; module_alignment=&#8221;center&#8221; custom_margin=&#8221;||||false|false&#8221; custom_margin_tablet=&#8221;|||||&#8221; custom_margin_phone=&#8221;|40px||40px|false|false&#8221; custom_margin_last_edited=&#8221;on|phone&#8221; custom_padding=&#8221;||||false|false&#8221; custom_padding_tablet=&#8221;|40px|||false|false&#8221; custom_padding_phone=&#8221;|40px||40px|false|false&#8221; custom_padding_last_edited=&#8221;on|phone&#8221; hover_enabled=&#8221;0&#8243; text_font_size_tablet=&#8221;11px&#8221; text_font_size_phone=&#8221;11px&#8221; text_font_size_last_edited=&#8221;on|phone&#8221; text_line_height_tablet=&#8221;&#8221; text_line_height_phone=&#8221;1.4em&#8221; text_line_height_last_edited=&#8221;on|desktop&#8221; text_text_align=&#8221;center&#8221; width__hover_enabled=&#8221;on|desktop&#8221;]<\/p>\n<p class=\"font_8\" style=\"text-align: right;\">Nor\u00e9ns Patentbyr\u00e5 AB<br \/> STOCKHOLM, SWEDEN<br \/> +46 8 545 874 00<br \/> <a href=\"mailto:norens@norens.se\">norens@norens.se<\/a><\/p>\n<p>[\/et_pb_text][\/et_pb_column][\/et_pb_row][\/et_pb_section][et_pb_section fb_built=&#8221;1&#8243; fullwidth=&#8221;on&#8221; disabled_on=&#8221;on|on|off&#8221; _builder_version=&#8221;3.27.4&#8243; background_color=&#8221;rgba(0,0,0,0)&#8221; custom_margin=&#8221;||20px||false|false&#8221; animation_style=&#8221;fade&#8221; animation_duration=&#8221;1300ms&#8221; animation_delay=&#8221;100ms&#8221;][et_pb_fullwidth_menu menu_id=&#8221;50&#8243; fullwidth_menu=&#8221;off&#8221; active_link_color=&#8221;#f451c6&#8243; dropdown_menu_bg_color=&#8221;#001e57&#8243; dropdown_menu_line_color=&#8221;#f451c6&#8243; dropdown_menu_text_color=&#8221;#f7f7f7&#8243; mobile_menu_bg_color=&#8221;#f7f7f7&#8243; mobile_menu_text_color=&#8221;#f7f7f7&#8243; active_link_color_tablet=&#8221;#0b07f4&#8243; active_link_color_phone=&#8221;&#8221; active_link_color_last_edited=&#8221;on|desktop&#8221; dropdown_menu_line_color_tablet=&#8221;#0b07f4&#8243; dropdown_menu_line_color_phone=&#8221;#0b07f4&#8243; dropdown_menu_line_color_last_edited=&#8221;on|tablet&#8221; mobile_menu_bg_color_tablet=&#8221;#001e57&#8243; mobile_menu_bg_color_phone=&#8221;#001e57&#8243; mobile_menu_bg_color_last_edited=&#8221;on|tablet&#8221; mobile_menu_text_color_tablet=&#8221;#f7f7f7&#8243; mobile_menu_text_color_phone=&#8221;#f7f7f7&#8243; mobile_menu_text_color_last_edited=&#8221;on|desktop&#8221; _builder_version=&#8221;3.27.4&#8243; menu_font=&#8221;|600||on|||||&#8221; menu_text_color=&#8221;#001e57&#8243; menu_font_size=&#8221;10px&#8221; menu_letter_spacing=&#8221;2px&#8221; background_color=&#8221;rgba(0,0,0,0)&#8221; text_orientation=&#8221;right&#8221; custom_padding=&#8221;||||false|false&#8221; hover_transition_duration=&#8221;0ms&#8221; menu_text_color_tablet=&#8221;#001e57&#8243; menu_text_color_phone=&#8221;#001e57&#8243; menu_text_color_last_edited=&#8221;on|phone&#8221; menu_font_size_tablet=&#8221;&#8221; menu_font_size_phone=&#8221;10px&#8221; menu_font_size_last_edited=&#8221;on|phone&#8221; text_orientation_tablet=&#8221;right&#8221; text_orientation_phone=&#8221;right&#8221; text_orientation_last_edited=&#8221;on|desktop&#8221; background_layout_tablet=&#8221;light&#8221; background_layout_phone=&#8221;&#8221; background_layout_last_edited=&#8221;on|phone&#8221;][\/et_pb_fullwidth_menu][\/et_pb_section][et_pb_section fb_built=&#8221;1&#8243; disabled_on=&#8221;off|off|off&#8221; _builder_version=&#8221;3.27.4&#8243; background_color=&#8221;rgba(0,0,0,0)&#8221; width=&#8221;80%&#8221; width_tablet=&#8221;90%&#8221; width_phone=&#8221;100%&#8221; width_last_edited=&#8221;on|phone&#8221; module_alignment=&#8221;center&#8221; custom_margin=&#8221;-20px||||false|false&#8221; custom_margin_tablet=&#8221;0px||20px||false|false&#8221; custom_margin_phone=&#8221;||||false|false&#8221; custom_margin_last_edited=&#8221;on|phone&#8221; animation_style=&#8221;fade&#8221; animation_duration=&#8221;1250ms&#8221; animation_delay=&#8221;100ms&#8221;][et_pb_row column_structure=&#8221;2_5,3_5&#8243; use_custom_gutter=&#8221;on&#8221; gutter_width=&#8221;3&#8243; _builder_version=&#8221;3.27.4&#8243; width=&#8221;100%&#8221; width_tablet=&#8221;90%&#8221; width_phone=&#8221;80%&#8221; width_last_edited=&#8221;on|tablet&#8221; custom_margin=&#8221;||||false|false&#8221; custom_margin_tablet=&#8221;40px||||false|false&#8221; custom_margin_phone=&#8221;&#8221; custom_margin_last_edited=&#8221;on|phone&#8221;][et_pb_column type=&#8221;2_5&#8243; _builder_version=&#8221;3.26.6&#8243;][et_pb_text _builder_version=&#8221;3.27.4&#8243; header_font_size=&#8221;20px&#8221; custom_margin=&#8221;||0px||false|false&#8221;]<\/p>\n<h3><em>Infringement and\u00a0<\/em><i>commercialization<\/i><\/h3>\n<p>[\/et_pb_text][et_pb_text _builder_version=&#8221;3.27.4&#8243; text_font=&#8221;Times New Roman||on||||||&#8221; text_text_color=&#8221;#18234f&#8221; text_font_size=&#8221;18px&#8221; text_line_height=&#8221;1.4em&#8221; custom_margin=&#8221;||40px||false|false&#8221; custom_margin_tablet=&#8221;||30px||false|false&#8221; custom_margin_phone=&#8221;||30px||false|false&#8221; custom_margin_last_edited=&#8221;on|tablet&#8221; text_font_size_tablet=&#8221;&#8221; text_font_size_phone=&#8221;18px&#8221; text_font_size_last_edited=&#8221;on|phone&#8221; text_line_height_tablet=&#8221;26px&#8221; text_line_height_phone=&#8221;24px&#8221; text_line_height_last_edited=&#8221;on|tablet&#8221;]A design registration works best when it supplements other kinds of protection.[\/et_pb_text][\/et_pb_column][et_pb_column type=&#8221;3_5&#8243; _builder_version=&#8221;3.25&#8243; custom_padding=&#8221;|||&#8221; custom_padding__hover=&#8221;|||&#8221;][et_pb_text _builder_version=&#8221;3.27.4&#8243; text_font=&#8221;||||||||&#8221; text_text_color=&#8221;#060e3a&#8221; header_2_font=&#8221;Open Sans|600||on|||||&#8221; header_2_text_color=&#8221;#001e57&#8243; header_2_font_size=&#8221;11px&#8221; header_2_letter_spacing=&#8221;2px&#8221; header_2_line_height=&#8221;2em&#8221; custom_margin=&#8221;||40px||false|false&#8221; custom_margin_tablet=&#8221;||||false|false&#8221; custom_margin_phone=&#8221;||40px||false|false&#8221; custom_margin_last_edited=&#8221;on|tablet&#8221; text_font_size_tablet=&#8221;&#8221; text_font_size_phone=&#8221;&#8221; text_font_size_last_edited=&#8221;on|phone&#8221;]In fact, it\u2019s is quite unusual that an infringement situation or a negotiation for an agreement have a design registration alone as a starting point.<\/p>\n<p>That said, it sometimes happens that design protection is the only option that remains, the only form for protection that was available and possible. Nor\u00e9ns can assist in design infringement matters locally or abroad and in commercialization of registered designs \u2013 with or without other IP.[\/et_pb_text][et_pb_sidebar orientation=&#8221;right&#8221; area=&#8221;et_pb_widget_area_17&#8243; show_border=&#8221;off&#8221; disabled_on=&#8221;off|off|on&#8221; _builder_version=&#8221;3.27.4&#8243; header_font=&#8221;Open Sans|600|||||||&#8221; header_font_size=&#8221;10px&#8221; header_letter_spacing=&#8221;2px&#8221; header_line_height=&#8221;2em&#8221; body_font=&#8221;|600||on|||||&#8221; body_text_align=&#8221;left&#8221; body_text_color=&#8221;#18234f&#8221; body_font_size=&#8221;10px&#8221; body_letter_spacing=&#8221;2px&#8221; body_line_height=&#8221;2em&#8221; background_enable_image=&#8221;off&#8221; background_size=&#8221;contain&#8221; background_position=&#8221;bottom_center&#8221; text_orientation=&#8221;right&#8221; custom_margin=&#8221;||||false|false&#8221; custom_margin_tablet=&#8221;||30px||false|false&#8221; custom_margin_phone=&#8221;&#8221; custom_margin_last_edited=&#8221;on|phone&#8221; text_orientation_tablet=&#8221;left&#8221; text_orientation_phone=&#8221;&#8221; text_orientation_last_edited=&#8221;on|phone&#8221;][\/et_pb_sidebar][\/et_pb_column][\/et_pb_row][\/et_pb_section]<\/p>\n","protected":false},"excerpt":{"rendered":"<p>CONTACTNor\u00e9ns Patentbyr\u00e5 AB STOCKHOLM, SWEDEN +46 8 545 874 00 norens@norens.se Infringement and\u00a0commercializationA design registration works best when it supplements other kinds of protection.In fact, it\u2019s is quite unusual that an infringement situation or a negotiation for an agreement have a design registration alone as a starting point. That said, it sometimes happens that design [&hellip;]<\/p>\n","protected":false},"author":6,"featured_media":13068,"parent":13584,"menu_order":0,"comment_status":"closed","ping_status":"closed","template":"","meta":{"_et_pb_use_builder":"on","_et_pb_old_content":"","_et_gb_content_width":"","footnotes":""},"class_list":["post-13824","page","type-page","status-publish","has-post-thumbnail","hentry"],"yoast_head":"<!-- This site is optimized with the Yoast SEO plugin v27.5 - https:\/\/yoast.com\/product\/yoast-seo-wordpress\/ -->\n<title>Infringement &amp; commercialization - Nor\u00e9ns Patentbyr\u00e5<\/title>\n<meta name=\"robots\" content=\"index, follow, max-snippet:-1, max-image-preview:large, max-video-preview:-1\" \/>\n<link rel=\"canonical\" href=\"https:\/\/norens.se\/en\/our-services\/design\/infringement-commercialization\/\" \/>\n<meta property=\"og:locale\" content=\"en_US\" \/>\n<meta property=\"og:type\" content=\"article\" \/>\n<meta property=\"og:title\" content=\"Infringement &amp; commercialization - Nor\u00e9ns Patentbyr\u00e5\" \/>\n<meta property=\"og:description\" content=\"CONTACTNor\u00e9ns Patentbyr\u00e5 AB STOCKHOLM, SWEDEN +46 8 545 874 00 norens@norens.se Infringement and\u00a0commercializationA design registration works best when it supplements other kinds of protection.In fact, it\u2019s is quite unusual that an infringement situation or a negotiation for an agreement have a design registration alone as a starting point. That said, it sometimes happens that design [&hellip;]\" \/>\n<meta property=\"og:url\" content=\"https:\/\/norens.se\/en\/our-services\/design\/infringement-commercialization\/\" \/>\n<meta property=\"og:site_name\" content=\"Nor\u00e9ns Patentbyr\u00e5\" \/>\n<meta property=\"article:modified_time\" content=\"2020-01-10T12:50:15+00:00\" \/>\n<meta property=\"og:image\" content=\"https:\/\/norens.se\/wp-content\/uploads\/2019\/06\/NORENS_DESIGN.jpg\" \/>\n\t<meta property=\"og:image:width\" content=\"800\" \/>\n\t<meta property=\"og:image:height\" content=\"1000\" \/>\n\t<meta property=\"og:image:type\" content=\"image\/jpeg\" \/>\n<meta name=\"twitter:card\" content=\"summary_large_image\" \/>\n<meta name=\"twitter:label1\" content=\"Est. reading time\" \/>\n\t<meta name=\"twitter:data1\" content=\"6 minutes\" \/>\n<script type=\"application\/ld+json\" class=\"yoast-schema-graph\">{\"@context\":\"https:\\\/\\\/schema.org\",\"@graph\":[{\"@type\":\"WebPage\",\"@id\":\"https:\\\/\\\/norens.se\\\/en\\\/our-services\\\/design\\\/infringement-commercialization\\\/\",\"url\":\"https:\\\/\\\/norens.se\\\/en\\\/our-services\\\/design\\\/infringement-commercialization\\\/\",\"name\":\"Infringement & commercialization - Nor\u00e9ns Patentbyr\u00e5\",\"isPartOf\":{\"@id\":\"https:\\\/\\\/norens.se\\\/en\\\/#website\"},\"primaryImageOfPage\":{\"@id\":\"https:\\\/\\\/norens.se\\\/en\\\/our-services\\\/design\\\/infringement-commercialization\\\/#primaryimage\"},\"image\":{\"@id\":\"https:\\\/\\\/norens.se\\\/en\\\/our-services\\\/design\\\/infringement-commercialization\\\/#primaryimage\"},\"thumbnailUrl\":\"https:\\\/\\\/norens.se\\\/wp-content\\\/uploads\\\/2019\\\/06\\\/NORENS_DESIGN.jpg\",\"datePublished\":\"2019-10-05T17:48:44+00:00\",\"dateModified\":\"2020-01-10T12:50:15+00:00\",\"breadcrumb\":{\"@id\":\"https:\\\/\\\/norens.se\\\/en\\\/our-services\\\/design\\\/infringement-commercialization\\\/#breadcrumb\"},\"inLanguage\":\"en-US\",\"potentialAction\":[{\"@type\":\"ReadAction\",\"target\":[\"https:\\\/\\\/norens.se\\\/en\\\/our-services\\\/design\\\/infringement-commercialization\\\/\"]}]},{\"@type\":\"ImageObject\",\"inLanguage\":\"en-US\",\"@id\":\"https:\\\/\\\/norens.se\\\/en\\\/our-services\\\/design\\\/infringement-commercialization\\\/#primaryimage\",\"url\":\"https:\\\/\\\/norens.se\\\/wp-content\\\/uploads\\\/2019\\\/06\\\/NORENS_DESIGN.jpg\",\"contentUrl\":\"https:\\\/\\\/norens.se\\\/wp-content\\\/uploads\\\/2019\\\/06\\\/NORENS_DESIGN.jpg\",\"width\":800,\"height\":1000},{\"@type\":\"BreadcrumbList\",\"@id\":\"https:\\\/\\\/norens.se\\\/en\\\/our-services\\\/design\\\/infringement-commercialization\\\/#breadcrumb\",\"itemListElement\":[{\"@type\":\"ListItem\",\"position\":1,\"name\":\"Home\",\"item\":\"https:\\\/\\\/norens.se\\\/en\\\/\"},{\"@type\":\"ListItem\",\"position\":2,\"name\":\"Our Services\",\"item\":\"https:\\\/\\\/norens.se\\\/en\\\/tjanster\\\/\"},{\"@type\":\"ListItem\",\"position\":3,\"name\":\"Design\",\"item\":\"https:\\\/\\\/norens.se\\\/en\\\/our-services\\\/design\\\/\"},{\"@type\":\"ListItem\",\"position\":4,\"name\":\"Infringement &#038; commercialization\"}]},{\"@type\":\"WebSite\",\"@id\":\"https:\\\/\\\/norens.se\\\/en\\\/#website\",\"url\":\"https:\\\/\\\/norens.se\\\/en\\\/\",\"name\":\"Nor\u00e9ns Patentbyr\u00e5\",\"description\":\"PATENT TRADEMARK DESIGN\",\"publisher\":{\"@id\":\"https:\\\/\\\/norens.se\\\/en\\\/#organization\"},\"potentialAction\":[{\"@type\":\"SearchAction\",\"target\":{\"@type\":\"EntryPoint\",\"urlTemplate\":\"https:\\\/\\\/norens.se\\\/en\\\/?s={search_term_string}\"},\"query-input\":{\"@type\":\"PropertyValueSpecification\",\"valueRequired\":true,\"valueName\":\"search_term_string\"}}],\"inLanguage\":\"en-US\"},{\"@type\":\"Organization\",\"@id\":\"https:\\\/\\\/norens.se\\\/en\\\/#organization\",\"name\":\"Norens Patentbyr\u00e5\",\"url\":\"https:\\\/\\\/norens.se\\\/en\\\/\",\"logo\":{\"@type\":\"ImageObject\",\"inLanguage\":\"en-US\",\"@id\":\"https:\\\/\\\/norens.se\\\/en\\\/#\\\/schema\\\/logo\\\/image\\\/\",\"url\":\"https:\\\/\\\/norens.se\\\/wp-content\\\/uploads\\\/2019\\\/09\\\/NORENS_1000.png\",\"contentUrl\":\"https:\\\/\\\/norens.se\\\/wp-content\\\/uploads\\\/2019\\\/09\\\/NORENS_1000.png\",\"width\":1000,\"height\":152,\"caption\":\"Norens Patentbyr\u00e5\"},\"image\":{\"@id\":\"https:\\\/\\\/norens.se\\\/en\\\/#\\\/schema\\\/logo\\\/image\\\/\"}}]}<\/script>\n<!-- \/ Yoast SEO plugin. -->","yoast_head_json":{"title":"Infringement & commercialization - Nor\u00e9ns Patentbyr\u00e5","robots":{"index":"index","follow":"follow","max-snippet":"max-snippet:-1","max-image-preview":"max-image-preview:large","max-video-preview":"max-video-preview:-1"},"canonical":"https:\/\/norens.se\/en\/our-services\/design\/infringement-commercialization\/","og_locale":"en_US","og_type":"article","og_title":"Infringement & commercialization - Nor\u00e9ns Patentbyr\u00e5","og_description":"CONTACTNor\u00e9ns Patentbyr\u00e5 AB STOCKHOLM, SWEDEN +46 8 545 874 00 norens@norens.se Infringement and\u00a0commercializationA design registration works best when it supplements other kinds of protection.In fact, it\u2019s is quite unusual that an infringement situation or a negotiation for an agreement have a design registration alone as a starting point. That said, it sometimes happens that design [&hellip;]","og_url":"https:\/\/norens.se\/en\/our-services\/design\/infringement-commercialization\/","og_site_name":"Nor\u00e9ns Patentbyr\u00e5","article_modified_time":"2020-01-10T12:50:15+00:00","og_image":[{"width":800,"height":1000,"url":"https:\/\/norens.se\/wp-content\/uploads\/2019\/06\/NORENS_DESIGN.jpg","type":"image\/jpeg"}],"twitter_card":"summary_large_image","twitter_misc":{"Est. reading time":"6 minutes"},"schema":{"@context":"https:\/\/schema.org","@graph":[{"@type":"WebPage","@id":"https:\/\/norens.se\/en\/our-services\/design\/infringement-commercialization\/","url":"https:\/\/norens.se\/en\/our-services\/design\/infringement-commercialization\/","name":"Infringement & commercialization - Nor\u00e9ns Patentbyr\u00e5","isPartOf":{"@id":"https:\/\/norens.se\/en\/#website"},"primaryImageOfPage":{"@id":"https:\/\/norens.se\/en\/our-services\/design\/infringement-commercialization\/#primaryimage"},"image":{"@id":"https:\/\/norens.se\/en\/our-services\/design\/infringement-commercialization\/#primaryimage"},"thumbnailUrl":"https:\/\/norens.se\/wp-content\/uploads\/2019\/06\/NORENS_DESIGN.jpg","datePublished":"2019-10-05T17:48:44+00:00","dateModified":"2020-01-10T12:50:15+00:00","breadcrumb":{"@id":"https:\/\/norens.se\/en\/our-services\/design\/infringement-commercialization\/#breadcrumb"},"inLanguage":"en-US","potentialAction":[{"@type":"ReadAction","target":["https:\/\/norens.se\/en\/our-services\/design\/infringement-commercialization\/"]}]},{"@type":"ImageObject","inLanguage":"en-US","@id":"https:\/\/norens.se\/en\/our-services\/design\/infringement-commercialization\/#primaryimage","url":"https:\/\/norens.se\/wp-content\/uploads\/2019\/06\/NORENS_DESIGN.jpg","contentUrl":"https:\/\/norens.se\/wp-content\/uploads\/2019\/06\/NORENS_DESIGN.jpg","width":800,"height":1000},{"@type":"BreadcrumbList","@id":"https:\/\/norens.se\/en\/our-services\/design\/infringement-commercialization\/#breadcrumb","itemListElement":[{"@type":"ListItem","position":1,"name":"Home","item":"https:\/\/norens.se\/en\/"},{"@type":"ListItem","position":2,"name":"Our Services","item":"https:\/\/norens.se\/en\/tjanster\/"},{"@type":"ListItem","position":3,"name":"Design","item":"https:\/\/norens.se\/en\/our-services\/design\/"},{"@type":"ListItem","position":4,"name":"Infringement &#038; commercialization"}]},{"@type":"WebSite","@id":"https:\/\/norens.se\/en\/#website","url":"https:\/\/norens.se\/en\/","name":"Nor\u00e9ns Patentbyr\u00e5","description":"PATENT TRADEMARK DESIGN","publisher":{"@id":"https:\/\/norens.se\/en\/#organization"},"potentialAction":[{"@type":"SearchAction","target":{"@type":"EntryPoint","urlTemplate":"https:\/\/norens.se\/en\/?s={search_term_string}"},"query-input":{"@type":"PropertyValueSpecification","valueRequired":true,"valueName":"search_term_string"}}],"inLanguage":"en-US"},{"@type":"Organization","@id":"https:\/\/norens.se\/en\/#organization","name":"Norens Patentbyr\u00e5","url":"https:\/\/norens.se\/en\/","logo":{"@type":"ImageObject","inLanguage":"en-US","@id":"https:\/\/norens.se\/en\/#\/schema\/logo\/image\/","url":"https:\/\/norens.se\/wp-content\/uploads\/2019\/09\/NORENS_1000.png","contentUrl":"https:\/\/norens.se\/wp-content\/uploads\/2019\/09\/NORENS_1000.png","width":1000,"height":152,"caption":"Norens Patentbyr\u00e5"},"image":{"@id":"https:\/\/norens.se\/en\/#\/schema\/logo\/image\/"}}]}},"_links":{"self":[{"href":"https:\/\/norens.se\/en\/wp-json\/wp\/v2\/pages\/13824","targetHints":{"allow":["GET"]}}],"collection":[{"href":"https:\/\/norens.se\/en\/wp-json\/wp\/v2\/pages"}],"about":[{"href":"https:\/\/norens.se\/en\/wp-json\/wp\/v2\/types\/page"}],"author":[{"embeddable":true,"href":"https:\/\/norens.se\/en\/wp-json\/wp\/v2\/users\/6"}],"replies":[{"embeddable":true,"href":"https:\/\/norens.se\/en\/wp-json\/wp\/v2\/comments?post=13824"}],"version-history":[{"count":5,"href":"https:\/\/norens.se\/en\/wp-json\/wp\/v2\/pages\/13824\/revisions"}],"predecessor-version":[{"id":14607,"href":"https:\/\/norens.se\/en\/wp-json\/wp\/v2\/pages\/13824\/revisions\/14607"}],"up":[{"embeddable":true,"href":"https:\/\/norens.se\/en\/wp-json\/wp\/v2\/pages\/13584"}],"wp:featuredmedia":[{"embeddable":true,"href":"https:\/\/norens.se\/en\/wp-json\/wp\/v2\/media\/13068"}],"wp:attachment":[{"href":"https:\/\/norens.se\/en\/wp-json\/wp\/v2\/media?parent=13824"}],"curies":[{"name":"wp","href":"https:\/\/api.w.org\/{rel}","templated":true}]}}