{"id":13617,"date":"2019-06-08T08:01:22","date_gmt":"2019-06-08T06:01:22","guid":{"rendered":"https:\/\/norens3.b22c.se\/career\/"},"modified":"2025-10-10T16:47:41","modified_gmt":"2025-10-10T14:47:41","slug":"career","status":"publish","type":"page","link":"https:\/\/norens.se\/en\/career\/","title":{"rendered":"Career"},"content":{"rendered":"<p>[et_pb_section fb_built=&#8221;1&#8243; custom_padding_last_edited=&#8221;on|desktop&#8221; disabled_on=&#8221;on|on|off&#8221; _builder_version=&#8221;4.16&#8243; background_color=&#8221;#f7f7f7&#8243; parallax=&#8221;on&#8221; width=&#8221;100%&#8221; width_tablet=&#8221;100%&#8221; width_phone=&#8221;&#8221; width_last_edited=&#8221;on|desktop&#8221; max_width=&#8221;100%&#8221; module_alignment=&#8221;center&#8221; custom_margin_tablet=&#8221;&#8221; custom_margin_phone=&#8221;&#8221; custom_margin_last_edited=&#8221;on|desktop&#8221; custom_padding=&#8221;10px||10px||false|false&#8221; custom_padding_tablet=&#8221;0px||0px|||&#8221; custom_padding_phone=&#8221;&#8221; top_divider_color=&#8221;#0b07f4&#8243; bottom_divider_color=&#8221;#001e57&#8243; bottom_divider_flip=&#8221;vertical|horizontal&#8221; animation_style=&#8221;fade&#8221; animation_duration=&#8221;650ms&#8221; animation_delay=&#8221;250ms&#8221; animation_speed_curve=&#8221;ease&#8221; box_shadow_style=&#8221;preset1&#8243; box_shadow_spread=&#8221;-10px&#8221; global_colors_info=&#8221;{}&#8221;][et_pb_row column_structure=&#8221;1_2,1_4,1_4&#8243; _builder_version=&#8221;4.16&#8243; width_tablet=&#8221;&#8221; width_phone=&#8221;&#8221; width_last_edited=&#8221;on|phone&#8221; custom_margin=&#8221;||||false|false&#8221; custom_margin_tablet=&#8221;||||false|false&#8221; custom_margin_phone=&#8221;&#8221; custom_margin_last_edited=&#8221;on|phone&#8221; module_alignment_tablet=&#8221;center&#8221; module_alignment_phone=&#8221;center&#8221; module_alignment_last_edited=&#8221;on|tablet&#8221; global_colors_info=&#8221;{}&#8221;][et_pb_column type=&#8221;1_2&#8243; _builder_version=&#8221;4.16&#8243; global_colors_info=&#8221;{}&#8221;][et_pb_image src=&#8221;https:\/\/norens.se\/wp-content\/uploads\/2019\/09\/NORENS_1000.png&#8221; url=&#8221;https:\/\/norens.se\/en\/&#8221; _builder_version=&#8221;4.16&#8243; width_tablet=&#8221;&#8221; width_phone=&#8221;&#8221; width_last_edited=&#8221;on|desktop&#8221; global_colors_info=&#8221;{}&#8221;][\/et_pb_image][\/et_pb_column][et_pb_column type=&#8221;1_4&#8243; _builder_version=&#8221;4.16&#8243; global_colors_info=&#8221;{}&#8221;][\/et_pb_column][et_pb_column type=&#8221;1_4&#8243; _builder_version=&#8221;4.16&#8243; global_colors_info=&#8221;{}&#8221;][et_pb_text _builder_version=&#8221;4.16&#8243; text_text_color=&#8221;#18234f&#8221; text_line_height=&#8221;0.8em&#8221; header_font=&#8221;||||||||&#8221; header_text_align=&#8221;center&#8221; header_text_color=&#8221;#001e57&#8243; header_2_font=&#8221;Open Sans|600||on|||||&#8221; header_2_text_color=&#8221;#f451c6&#8243; header_2_font_size=&#8221;10px&#8221; header_2_letter_spacing=&#8221;2px&#8221; header_2_line_height=&#8221;0em&#8221; header_4_text_color=&#8221;#001e57&#8243; header_6_text_color=&#8221;#001e57&#8243; width=&#8221;100%&#8221; width_tablet=&#8221;80%&#8221; width_phone=&#8221;90%&#8221; width_last_edited=&#8221;off|desktop&#8221; module_alignment=&#8221;center&#8221; custom_margin=&#8221;||||false|false&#8221; custom_margin_tablet=&#8221;|||||&#8221; custom_margin_phone=&#8221;|40px||40px|false|false&#8221; custom_margin_last_edited=&#8221;on|desktop&#8221; custom_padding=&#8221;||||false|false&#8221; custom_padding_tablet=&#8221;|40px|||false|false&#8221; custom_padding_phone=&#8221;|40px||40px|false|false&#8221; custom_padding_last_edited=&#8221;on|phone&#8221; text_font_size_tablet=&#8221;14px&#8221; text_font_size_phone=&#8221;16px&#8221; text_font_size_last_edited=&#8221;on|tablet&#8221; text_line_height_tablet=&#8221;&#8221; text_line_height_phone=&#8221;1.4em&#8221; text_line_height_last_edited=&#8221;on|desktop&#8221; text_text_align=&#8221;center&#8221; global_colors_info=&#8221;{}&#8221; width__hover_enabled=&#8221;on|desktop&#8221; width__hover=&#8221;100%&#8221;]<\/p>\n<h2 class=\"font_8\" style=\"text-align: right;\">CONTACT<\/h2>\n<p>[\/et_pb_text][et_pb_text _builder_version=&#8221;4.16&#8243; text_font=&#8221;|||on|||||&#8221; text_text_color=&#8221;#18234f&#8221; text_font_size=&#8221;10px&#8221; text_letter_spacing=&#8221;2px&#8221; text_line_height=&#8221;1.6em&#8221; header_font=&#8221;||||||||&#8221; header_text_align=&#8221;center&#8221; header_text_color=&#8221;#001e57&#8243; header_2_font=&#8221;Times New Roman|600|on||||||&#8221; header_2_text_color=&#8221;#001e57&#8243; header_4_text_color=&#8221;#001e57&#8243; header_6_text_color=&#8221;#001e57&#8243; width=&#8221;100%&#8221; width_tablet=&#8221;80%&#8221; width_phone=&#8221;90%&#8221; width_last_edited=&#8221;off|desktop&#8221; module_alignment=&#8221;center&#8221; custom_margin=&#8221;||||false|false&#8221; custom_margin_tablet=&#8221;|||||&#8221; custom_margin_phone=&#8221;|40px||40px|false|false&#8221; custom_margin_last_edited=&#8221;on|phone&#8221; custom_padding=&#8221;||||false|false&#8221; custom_padding_tablet=&#8221;|40px|||false|false&#8221; custom_padding_phone=&#8221;|40px||40px|false|false&#8221; custom_padding_last_edited=&#8221;on|phone&#8221; text_font_size_tablet=&#8221;11px&#8221; text_font_size_phone=&#8221;11px&#8221; text_font_size_last_edited=&#8221;on|phone&#8221; text_line_height_tablet=&#8221;&#8221; text_line_height_phone=&#8221;1.4em&#8221; text_line_height_last_edited=&#8221;on|desktop&#8221; text_text_align=&#8221;center&#8221; global_colors_info=&#8221;{}&#8221; width__hover_enabled=&#8221;on|desktop&#8221; width__hover=&#8221;100%&#8221;]<\/p>\n<p class=\"font_8\" style=\"text-align: right;\">Nor\u00e9ns Patentbyr\u00e5 AB<br \/> STOCKHOLM, SWEDEN<br \/> +46 8 545 874 00<br \/> <a href=\"mailto:norens@norens.se\">norens@norens.se<\/a><\/p>\n<p>[\/et_pb_text][\/et_pb_column][\/et_pb_row][\/et_pb_section][et_pb_section fb_built=&#8221;1&#8243; _builder_version=&#8221;4.16&#8243; background_color=&#8221;rgba(0,0,0,0)&#8221; width=&#8221;80%&#8221; width_tablet=&#8221;90%&#8221; width_phone=&#8221;100%&#8221; width_last_edited=&#8221;on|phone&#8221; module_alignment=&#8221;center&#8221; custom_margin=&#8221;20px||||false|false&#8221; custom_margin_tablet=&#8221;0px||||false|false&#8221; custom_margin_phone=&#8221;20px||||false|false&#8221; custom_margin_last_edited=&#8221;on|phone&#8221; animation_style=&#8221;fade&#8221; animation_duration=&#8221;1200ms&#8221; animation_delay=&#8221;100ms&#8221; global_colors_info=&#8221;{}&#8221;][et_pb_row column_structure=&#8221;1_4,3_4&#8243; use_custom_gutter=&#8221;on&#8221; gutter_width=&#8221;3&#8243; _builder_version=&#8221;4.16&#8243; width=&#8221;100%&#8221; width_tablet=&#8221;80%&#8221; width_phone=&#8221;&#8221; width_last_edited=&#8221;on|phone&#8221; custom_margin=&#8221;||20px||false|false&#8221; custom_margin_tablet=&#8221;40px||||false|false&#8221; custom_margin_phone=&#8221;40px||||false|false&#8221; custom_margin_last_edited=&#8221;on|desktop&#8221; global_colors_info=&#8221;{}&#8221;][et_pb_column type=&#8221;1_4&#8243; _builder_version=&#8221;4.16&#8243; custom_padding=&#8221;|||&#8221; global_colors_info=&#8221;{}&#8221; custom_padding__hover=&#8221;|||&#8221;][et_pb_text _builder_version=&#8221;4.19.4&#8243; text_font=&#8221;Times New Roman||on||||||&#8221; text_text_color=&#8221;#18234f&#8221; text_font_size=&#8221;20px&#8221; text_line_height=&#8221;1.4em&#8221; header_font=&#8221;Times New Roman||||||||&#8221; header_font_size=&#8221;20px&#8221; text_orientation=&#8221;center&#8221; custom_margin=&#8221;||20px||false|false&#8221; custom_margin_tablet=&#8221;||0px||false|false&#8221; custom_margin_phone=&#8221;||0px||false|false&#8221; custom_margin_last_edited=&#8221;on|phone&#8221; text_font_size_tablet=&#8221;&#8221; text_font_size_phone=&#8221;18px&#8221; text_font_size_last_edited=&#8221;on|phone&#8221; text_line_height_tablet=&#8221;26px&#8221; text_line_height_phone=&#8221;24px&#8221; text_line_height_last_edited=&#8221;on|tablet&#8221; text_orientation_tablet=&#8221;left&#8221; text_orientation_phone=&#8221;&#8221; text_orientation_last_edited=&#8221;on|phone&#8221; global_colors_info=&#8221;{}&#8221;]<\/p>\n<h1 style=\"text-align: left;\">Recruitment<\/h1>\n<p>[\/et_pb_text][\/et_pb_column][et_pb_column type=&#8221;3_4&#8243; _builder_version=&#8221;4.16&#8243; custom_padding=&#8221;|||&#8221; global_colors_info=&#8221;{}&#8221; custom_padding__hover=&#8221;|||&#8221;][et_pb_text _builder_version=&#8221;4.16&#8243; text_font=&#8221;Times New Roman||on||||||&#8221; text_text_color=&#8221;#18234f&#8221; text_font_size=&#8221;18px&#8221; text_line_height=&#8221;1.4em&#8221; header_font=&#8221;Times New Roman||||||||&#8221; custom_margin=&#8221;||20px||false|false&#8221; custom_margin_tablet=&#8221;||20px||false|false&#8221; custom_margin_phone=&#8221;&#8221; custom_margin_last_edited=&#8221;on|phone&#8221; text_font_size_tablet=&#8221;&#8221; text_font_size_phone=&#8221;18px&#8221; text_font_size_last_edited=&#8221;on|tablet&#8221; text_line_height_tablet=&#8221;26px&#8221; text_line_height_phone=&#8221;24px&#8221; text_line_height_last_edited=&#8221;on|tablet&#8221; text_orientation_tablet=&#8221;left&#8221; text_orientation_phone=&#8221;&#8221; text_orientation_last_edited=&#8221;on|phone&#8221; global_colors_info=&#8221;{}&#8221;]<\/p>\n<p>Nor\u00e9ns has grown steadily over the past ten years and we are always interested in getting in touch with new potential employees, such as skilled patent attorneys, trademark lawyers and paralegals.<\/p>\n<p>[\/et_pb_text][et_pb_text _builder_version=&#8221;4.23&#8243; header_2_text_color=&#8221;#001e57&#8243; header_3_font=&#8221;Open Sans|600||on|||||&#8221; header_3_text_color=&#8221;#001e57&#8243; header_3_font_size=&#8221;11px&#8221; header_3_letter_spacing=&#8221;2px&#8221; header_3_line_height=&#8221;3em&#8221; custom_margin=&#8221;||30px||false|false&#8221; custom_margin_tablet=&#8221;&#8221; custom_margin_phone=&#8221;&#8221; custom_margin_last_edited=&#8221;on|desktop&#8221; custom_padding=&#8221;||0px|||&#8221; global_colors_info=&#8221;{}&#8221;]<\/p>\n<p>At Nor\u00e9ns, you will become a part of an organization where business-driven initiatives are encouraged. As a consultant with us, you will immediately have your own responsibility for customers and cases.<\/p>\n<p>Please get in touch with Johan \u00d6rtenblad, Fredrik M\u00f6llborn or Petra Toll\u00e9n Waltr\u00e9 if you want to know more.<\/p>\n<p>[\/et_pb_text][\/et_pb_column][\/et_pb_row][et_pb_row column_structure=&#8221;1_4,1_4,1_4,1_4&#8243; use_custom_gutter=&#8221;on&#8221; gutter_width=&#8221;2&#8243; _builder_version=&#8221;4.16&#8243; width=&#8221;100%&#8221; width_tablet=&#8221;80%&#8221; width_phone=&#8221;&#8221; width_last_edited=&#8221;on|phone&#8221; custom_margin=&#8221;-20px||40px||false|false&#8221; custom_margin_tablet=&#8221;0px||||false|false&#8221; custom_margin_phone=&#8221;-40px||||false|false&#8221; custom_margin_last_edited=&#8221;on|phone&#8221; global_colors_info=&#8221;{}&#8221;][et_pb_column type=&#8221;1_4&#8243; _builder_version=&#8221;4.16&#8243; custom_padding=&#8221;|||&#8221; global_colors_info=&#8221;{}&#8221; custom_padding__hover=&#8221;|||&#8221;][et_pb_text _builder_version=&#8221;4.16&#8243; header_2_font=&#8221;Open Sans|600||on|||||&#8221; header_2_text_color=&#8221;#001e57&#8243; header_2_font_size=&#8221;11px&#8221; header_2_letter_spacing=&#8221;2px&#8221; header_3_font=&#8221;Open Sans|600||on|||||&#8221; header_3_text_color=&#8221;#001e57&#8243; header_3_font_size=&#8221;11px&#8221; header_3_letter_spacing=&#8221;2px&#8221; header_3_line_height=&#8221;3em&#8221; custom_margin=&#8221;||||false|false&#8221; custom_margin_tablet=&#8221;||20px||false|false&#8221; custom_margin_phone=&#8221;||10px||false|false&#8221; custom_margin_last_edited=&#8221;on|desktop&#8221; global_colors_info=&#8221;{}&#8221;]<\/p>\n<h2>CONTACT<\/h2>\n<p>[\/et_pb_text][\/et_pb_column][et_pb_column type=&#8221;1_4&#8243; _builder_version=&#8221;4.16&#8243; custom_padding=&#8221;|||&#8221; global_colors_info=&#8221;{}&#8221; custom_padding__hover=&#8221;|||&#8221;][et_pb_team_member name=&#8221;Johan \u00d6rtenblad&#8221; position=&#8221;MANAGING PARTNER \/ PATENT ATTORNEY&#8221; image_url=&#8221;https:\/\/norens.se\/wp-content\/uploads\/2019\/12\/JOHAN_O\u0308RTENBLAD.jpg&#8221; _builder_version=&#8221;4.19.4&#8243; _dynamic_attributes=&#8221;link_option_url&#8221; header_font=&#8221;||on||||||&#8221; header_text_color=&#8221;#001e57&#8243; header_font_size=&#8221;16px&#8221; header_line_height=&#8221;0.4em&#8221; body_font_size=&#8221;12px&#8221; position_font=&#8221;|600||on|||||&#8221; position_text_color=&#8221;#001e57&#8243; position_font_size=&#8221;10px&#8221; position_letter_spacing=&#8221;1px&#8221; custom_margin=&#8221;||20px||false|false&#8221; custom_margin_tablet=&#8221;&#8221; custom_margin_phone=&#8221;&#8221; custom_margin_last_edited=&#8221;on|desktop&#8221; link_option_url=&#8221;@ET-DC@eyJkeW5hbWljIjp0cnVlLCJjb250ZW50IjoicG9zdF9saW5rX3VybF9wcm9qZWN0Iiwic2V0dGluZ3MiOnsicG9zdF9pZCI6IjY2MTQifX0=@&#8221; border_width_bottom_image=&#8221;10px&#8221; border_color_bottom_image=&#8221;#f7f7f7&#8243; global_colors_info=&#8221;{}&#8221;]<\/p>\n<p>T\u00a0 +46 8 545 874 13<br \/>M\u00a0 +46 70\u00a0480 05 48<br \/><em><a title=\"johan.ortenblad@norens.se\" href=\"mailto:johan.ortenblad@norens.se\">johan.ortenblad@norens.se<\/a><\/em><\/p>\n<p>[\/et_pb_team_member][\/et_pb_column][et_pb_column type=&#8221;1_4&#8243; _builder_version=&#8221;4.23&#8243; _module_preset=&#8221;default&#8221; global_colors_info=&#8221;{}&#8221;][et_pb_team_member name=&#8221;Fredrik M\u00f6llborn&#8221; position=&#8221;HEAD OF IP ATTORNEYS &#038; U.S. PATENT AGENT&#8221; image_url=&#8221;https:\/\/norens.se\/wp-content\/uploads\/2025\/10\/Portratt-Fredrik-Mollborn-scaled-e1760107448673.avif&#8221; _builder_version=&#8221;4.23&#8243; _dynamic_attributes=&#8221;link_option_url&#8221; header_font=&#8221;||on||||||&#8221; header_text_color=&#8221;#001e57&#8243; header_font_size=&#8221;16px&#8221; header_line_height=&#8221;0.4em&#8221; body_font_size=&#8221;12px&#8221; position_font=&#8221;|600||on|||||&#8221; position_text_color=&#8221;#001e57&#8243; position_font_size=&#8221;10px&#8221; position_letter_spacing=&#8221;1px&#8221; custom_margin=&#8221;||20px||false|false&#8221; custom_margin_tablet=&#8221;&#8221; custom_margin_phone=&#8221;&#8221; custom_margin_last_edited=&#8221;on|desktop&#8221; custom_padding=&#8221;0px|||||&#8221; link_option_url=&#8221;@ET-DC@eyJkeW5hbWljIjp0cnVlLCJjb250ZW50IjoicG9zdF9saW5rX3VybF9wcm9qZWN0Iiwic2V0dGluZ3MiOnsicG9zdF9pZCI6IjE1MzQyIn19@&#8221; hover_enabled=&#8221;0&#8243; border_width_bottom_image=&#8221;10px&#8221; border_color_bottom_image=&#8221;#f7f7f7&#8243; global_colors_info=&#8221;{}&#8221; title_text=&#8221;Portr\u00e4tt Fredrik M\u00f6llborn&#8221; sticky_enabled=&#8221;0&#8243;]<\/p>\n<p><span>T\u00a0 +46 8 545 874 20<\/span><br \/><a href=\"mailto:fredrik.mollborn@norens.se\">fredrik.mollborn@norens.se<\/a><\/p>\n<p>[\/et_pb_team_member][\/et_pb_column][et_pb_column type=&#8221;1_4&#8243; _builder_version=&#8221;4.16&#8243; custom_padding=&#8221;|||&#8221; global_colors_info=&#8221;{}&#8221; custom_padding__hover=&#8221;|||&#8221;][et_pb_team_member name=&#8221;Petra Toll\u00e9n Waltr\u00e9&#8221; position=&#8221;PARALEGAL MANAGER \/ PARALEGAL&#8221; image_url=&#8221;https:\/\/norens.se\/wp-content\/uploads\/2023\/03\/PEM4564-1-e1720607119953.jpg&#8221; _builder_version=&#8221;4.23&#8243; _dynamic_attributes=&#8221;link_option_url&#8221; header_font=&#8221;||on||||||&#8221; header_text_color=&#8221;#001e57&#8243; header_font_size=&#8221;16px&#8221; header_line_height=&#8221;0.4em&#8221; body_font_size=&#8221;12px&#8221; position_font=&#8221;|600||on|||||&#8221; position_text_color=&#8221;#001e57&#8243; position_font_size=&#8221;10px&#8221; position_letter_spacing=&#8221;1px&#8221; custom_margin=&#8221;||20px||false|false&#8221; filter_brightness=&#8221;104%&#8221; filter_contrast=&#8221;105%&#8221; filter_opacity=&#8221;88%&#8221; link_option_url=&#8221;@ET-DC@eyJkeW5hbWljIjp0cnVlLCJjb250ZW50IjoicG9zdF9saW5rX3VybF9wcm9qZWN0Iiwic2V0dGluZ3MiOnsicG9zdF9pZCI6IjEzNjU2In19@&#8221; border_width_bottom_image=&#8221;10px&#8221; border_color_bottom_image=&#8221;#f7f7f7&#8243; global_colors_info=&#8221;{}&#8221;]<\/p>\n<p>T\u00a0 +46 8\u00a0545\u00a0874 26<br \/>M\u00a0 +46 73 981 60 40<br \/><em><a href=\"mailto:petra.tollen@norens.se\">petra.tollen@norens.se<\/a><\/em><\/p>\n<p>[\/et_pb_team_member][\/et_pb_column][\/et_pb_row][\/et_pb_section]<\/p>\n","protected":false},"excerpt":{"rendered":"<p>CONTACTNor\u00e9ns Patentbyr\u00e5 AB STOCKHOLM, SWEDEN +46 8 545 874 00 norens@norens.seRecruitmentNor\u00e9ns has grown steadily over the past ten years and we are always interested in getting in touch with new potential employees, such as skilled patent attorneys, trademark lawyers and paralegals.At Nor\u00e9ns, you will become a part of an organization where business-driven initiatives are encouraged. [&hellip;]<\/p>\n","protected":false},"author":6,"featured_media":13074,"parent":0,"menu_order":0,"comment_status":"closed","ping_status":"closed","template":"","meta":{"_et_pb_use_builder":"on","_et_pb_old_content":"","_et_gb_content_width":"","footnotes":""},"class_list":["post-13617","page","type-page","status-publish","has-post-thumbnail","hentry"],"yoast_head":"<!-- This site is optimized with the Yoast SEO plugin v27.4 - https:\/\/yoast.com\/product\/yoast-seo-wordpress\/ -->\n<title>Career - Nor\u00e9ns Patentbyr\u00e5<\/title>\n<meta name=\"robots\" content=\"index, follow, max-snippet:-1, max-image-preview:large, max-video-preview:-1\" \/>\n<link rel=\"canonical\" href=\"https:\/\/norens.se\/en\/career\/\" \/>\n<meta property=\"og:locale\" content=\"en_US\" \/>\n<meta property=\"og:type\" content=\"article\" \/>\n<meta property=\"og:title\" content=\"Career - Nor\u00e9ns Patentbyr\u00e5\" \/>\n<meta property=\"og:description\" content=\"CONTACTNor\u00e9ns Patentbyr\u00e5 AB STOCKHOLM, SWEDEN +46 8 545 874 00 norens@norens.seRecruitmentNor\u00e9ns has grown steadily over the past ten years and we are always interested in getting in touch with new potential employees, such as skilled patent attorneys, trademark lawyers and paralegals.At Nor\u00e9ns, you will become a part of an organization where business-driven initiatives are encouraged. [&hellip;]\" \/>\n<meta property=\"og:url\" content=\"https:\/\/norens.se\/en\/career\/\" \/>\n<meta property=\"og:site_name\" content=\"Nor\u00e9ns Patentbyr\u00e5\" \/>\n<meta property=\"article:modified_time\" content=\"2025-10-10T14:47:41+00:00\" \/>\n<meta property=\"og:image\" content=\"https:\/\/norens.se\/wp-content\/uploads\/2019\/06\/190618_Norens_Helene_Johan_Anders_027.jpg\" \/>\n\t<meta property=\"og:image:width\" content=\"1200\" \/>\n\t<meta property=\"og:image:height\" content=\"800\" \/>\n\t<meta property=\"og:image:type\" content=\"image\/jpeg\" \/>\n<meta name=\"twitter:card\" content=\"summary_large_image\" \/>\n<meta name=\"twitter:label1\" content=\"Est. reading time\" \/>\n\t<meta name=\"twitter:data1\" content=\"8 minutes\" \/>\n<script type=\"application\/ld+json\" class=\"yoast-schema-graph\">{\"@context\":\"https:\\\/\\\/schema.org\",\"@graph\":[{\"@type\":\"WebPage\",\"@id\":\"https:\\\/\\\/norens.se\\\/en\\\/career\\\/\",\"url\":\"https:\\\/\\\/norens.se\\\/en\\\/career\\\/\",\"name\":\"Career - Nor\u00e9ns Patentbyr\u00e5\",\"isPartOf\":{\"@id\":\"https:\\\/\\\/norens.se\\\/en\\\/#website\"},\"primaryImageOfPage\":{\"@id\":\"https:\\\/\\\/norens.se\\\/en\\\/career\\\/#primaryimage\"},\"image\":{\"@id\":\"https:\\\/\\\/norens.se\\\/en\\\/career\\\/#primaryimage\"},\"thumbnailUrl\":\"https:\\\/\\\/norens.se\\\/wp-content\\\/uploads\\\/2019\\\/06\\\/190618_Norens_Helene_Johan_Anders_027.jpg\",\"datePublished\":\"2019-06-08T06:01:22+00:00\",\"dateModified\":\"2025-10-10T14:47:41+00:00\",\"breadcrumb\":{\"@id\":\"https:\\\/\\\/norens.se\\\/en\\\/career\\\/#breadcrumb\"},\"inLanguage\":\"en-US\",\"potentialAction\":[{\"@type\":\"ReadAction\",\"target\":[\"https:\\\/\\\/norens.se\\\/en\\\/career\\\/\"]}]},{\"@type\":\"ImageObject\",\"inLanguage\":\"en-US\",\"@id\":\"https:\\\/\\\/norens.se\\\/en\\\/career\\\/#primaryimage\",\"url\":\"https:\\\/\\\/norens.se\\\/wp-content\\\/uploads\\\/2019\\\/06\\\/190618_Norens_Helene_Johan_Anders_027.jpg\",\"contentUrl\":\"https:\\\/\\\/norens.se\\\/wp-content\\\/uploads\\\/2019\\\/06\\\/190618_Norens_Helene_Johan_Anders_027.jpg\",\"width\":1200,\"height\":800},{\"@type\":\"BreadcrumbList\",\"@id\":\"https:\\\/\\\/norens.se\\\/en\\\/career\\\/#breadcrumb\",\"itemListElement\":[{\"@type\":\"ListItem\",\"position\":1,\"name\":\"Home\",\"item\":\"https:\\\/\\\/norens.se\\\/en\\\/\"},{\"@type\":\"ListItem\",\"position\":2,\"name\":\"Career\"}]},{\"@type\":\"WebSite\",\"@id\":\"https:\\\/\\\/norens.se\\\/en\\\/#website\",\"url\":\"https:\\\/\\\/norens.se\\\/en\\\/\",\"name\":\"Nor\u00e9ns Patentbyr\u00e5\",\"description\":\"PATENT TRADEMARK DESIGN\",\"publisher\":{\"@id\":\"https:\\\/\\\/norens.se\\\/en\\\/#organization\"},\"potentialAction\":[{\"@type\":\"SearchAction\",\"target\":{\"@type\":\"EntryPoint\",\"urlTemplate\":\"https:\\\/\\\/norens.se\\\/en\\\/?s={search_term_string}\"},\"query-input\":{\"@type\":\"PropertyValueSpecification\",\"valueRequired\":true,\"valueName\":\"search_term_string\"}}],\"inLanguage\":\"en-US\"},{\"@type\":\"Organization\",\"@id\":\"https:\\\/\\\/norens.se\\\/en\\\/#organization\",\"name\":\"Norens Patentbyr\u00e5\",\"url\":\"https:\\\/\\\/norens.se\\\/en\\\/\",\"logo\":{\"@type\":\"ImageObject\",\"inLanguage\":\"en-US\",\"@id\":\"https:\\\/\\\/norens.se\\\/en\\\/#\\\/schema\\\/logo\\\/image\\\/\",\"url\":\"https:\\\/\\\/norens.se\\\/wp-content\\\/uploads\\\/2019\\\/09\\\/NORENS_1000.png\",\"contentUrl\":\"https:\\\/\\\/norens.se\\\/wp-content\\\/uploads\\\/2019\\\/09\\\/NORENS_1000.png\",\"width\":1000,\"height\":152,\"caption\":\"Norens Patentbyr\u00e5\"},\"image\":{\"@id\":\"https:\\\/\\\/norens.se\\\/en\\\/#\\\/schema\\\/logo\\\/image\\\/\"}}]}<\/script>\n<!-- \/ Yoast SEO plugin. -->","yoast_head_json":{"title":"Career - Nor\u00e9ns Patentbyr\u00e5","robots":{"index":"index","follow":"follow","max-snippet":"max-snippet:-1","max-image-preview":"max-image-preview:large","max-video-preview":"max-video-preview:-1"},"canonical":"https:\/\/norens.se\/en\/career\/","og_locale":"en_US","og_type":"article","og_title":"Career - Nor\u00e9ns Patentbyr\u00e5","og_description":"CONTACTNor\u00e9ns Patentbyr\u00e5 AB STOCKHOLM, SWEDEN +46 8 545 874 00 norens@norens.seRecruitmentNor\u00e9ns has grown steadily over the past ten years and we are always interested in getting in touch with new potential employees, such as skilled patent attorneys, trademark lawyers and paralegals.At Nor\u00e9ns, you will become a part of an organization where business-driven initiatives are encouraged. [&hellip;]","og_url":"https:\/\/norens.se\/en\/career\/","og_site_name":"Nor\u00e9ns Patentbyr\u00e5","article_modified_time":"2025-10-10T14:47:41+00:00","og_image":[{"width":1200,"height":800,"url":"https:\/\/norens.se\/wp-content\/uploads\/2019\/06\/190618_Norens_Helene_Johan_Anders_027.jpg","type":"image\/jpeg"}],"twitter_card":"summary_large_image","twitter_misc":{"Est. reading time":"8 minutes"},"schema":{"@context":"https:\/\/schema.org","@graph":[{"@type":"WebPage","@id":"https:\/\/norens.se\/en\/career\/","url":"https:\/\/norens.se\/en\/career\/","name":"Career - Nor\u00e9ns Patentbyr\u00e5","isPartOf":{"@id":"https:\/\/norens.se\/en\/#website"},"primaryImageOfPage":{"@id":"https:\/\/norens.se\/en\/career\/#primaryimage"},"image":{"@id":"https:\/\/norens.se\/en\/career\/#primaryimage"},"thumbnailUrl":"https:\/\/norens.se\/wp-content\/uploads\/2019\/06\/190618_Norens_Helene_Johan_Anders_027.jpg","datePublished":"2019-06-08T06:01:22+00:00","dateModified":"2025-10-10T14:47:41+00:00","breadcrumb":{"@id":"https:\/\/norens.se\/en\/career\/#breadcrumb"},"inLanguage":"en-US","potentialAction":[{"@type":"ReadAction","target":["https:\/\/norens.se\/en\/career\/"]}]},{"@type":"ImageObject","inLanguage":"en-US","@id":"https:\/\/norens.se\/en\/career\/#primaryimage","url":"https:\/\/norens.se\/wp-content\/uploads\/2019\/06\/190618_Norens_Helene_Johan_Anders_027.jpg","contentUrl":"https:\/\/norens.se\/wp-content\/uploads\/2019\/06\/190618_Norens_Helene_Johan_Anders_027.jpg","width":1200,"height":800},{"@type":"BreadcrumbList","@id":"https:\/\/norens.se\/en\/career\/#breadcrumb","itemListElement":[{"@type":"ListItem","position":1,"name":"Home","item":"https:\/\/norens.se\/en\/"},{"@type":"ListItem","position":2,"name":"Career"}]},{"@type":"WebSite","@id":"https:\/\/norens.se\/en\/#website","url":"https:\/\/norens.se\/en\/","name":"Nor\u00e9ns Patentbyr\u00e5","description":"PATENT TRADEMARK DESIGN","publisher":{"@id":"https:\/\/norens.se\/en\/#organization"},"potentialAction":[{"@type":"SearchAction","target":{"@type":"EntryPoint","urlTemplate":"https:\/\/norens.se\/en\/?s={search_term_string}"},"query-input":{"@type":"PropertyValueSpecification","valueRequired":true,"valueName":"search_term_string"}}],"inLanguage":"en-US"},{"@type":"Organization","@id":"https:\/\/norens.se\/en\/#organization","name":"Norens Patentbyr\u00e5","url":"https:\/\/norens.se\/en\/","logo":{"@type":"ImageObject","inLanguage":"en-US","@id":"https:\/\/norens.se\/en\/#\/schema\/logo\/image\/","url":"https:\/\/norens.se\/wp-content\/uploads\/2019\/09\/NORENS_1000.png","contentUrl":"https:\/\/norens.se\/wp-content\/uploads\/2019\/09\/NORENS_1000.png","width":1000,"height":152,"caption":"Norens Patentbyr\u00e5"},"image":{"@id":"https:\/\/norens.se\/en\/#\/schema\/logo\/image\/"}}]}},"_links":{"self":[{"href":"https:\/\/norens.se\/en\/wp-json\/wp\/v2\/pages\/13617","targetHints":{"allow":["GET"]}}],"collection":[{"href":"https:\/\/norens.se\/en\/wp-json\/wp\/v2\/pages"}],"about":[{"href":"https:\/\/norens.se\/en\/wp-json\/wp\/v2\/types\/page"}],"author":[{"embeddable":true,"href":"https:\/\/norens.se\/en\/wp-json\/wp\/v2\/users\/6"}],"replies":[{"embeddable":true,"href":"https:\/\/norens.se\/en\/wp-json\/wp\/v2\/comments?post=13617"}],"version-history":[{"count":8,"href":"https:\/\/norens.se\/en\/wp-json\/wp\/v2\/pages\/13617\/revisions"}],"predecessor-version":[{"id":16250,"href":"https:\/\/norens.se\/en\/wp-json\/wp\/v2\/pages\/13617\/revisions\/16250"}],"wp:featuredmedia":[{"embeddable":true,"href":"https:\/\/norens.se\/en\/wp-json\/wp\/v2\/media\/13074"}],"wp:attachment":[{"href":"https:\/\/norens.se\/en\/wp-json\/wp\/v2\/media?parent=13617"}],"curies":[{"name":"wp","href":"https:\/\/api.w.org\/{rel}","templated":true}]}}