{"id":13600,"date":"2019-11-19T10:19:39","date_gmt":"2019-11-19T10:19:39","guid":{"rendered":"https:\/\/norens3.b22c.se\/our-services\/patent\/patent-strategy\/"},"modified":"2019-11-19T10:19:40","modified_gmt":"2019-11-19T10:19:40","slug":"patent-strategy","status":"publish","type":"page","link":"https:\/\/norens.se\/en\/our-services\/patent\/patent-strategy\/","title":{"rendered":"Patent Strategy"},"content":{"rendered":"<p>[et_pb_section fb_built=&#8221;1&#8243; custom_padding_last_edited=&#8221;on|desktop&#8221; disabled_on=&#8221;on|on|off&#8221; _builder_version=&#8221;3.27.4&#8243; background_color=&#8221;#f7f7f7&#8243; parallax=&#8221;on&#8221; box_shadow_style=&#8221;preset1&#8243; box_shadow_spread=&#8221;-10px&#8221; width=&#8221;100%&#8221; width_tablet=&#8221;100%&#8221; width_last_edited=&#8221;on|desktop&#8221; max_width=&#8221;100%&#8221; module_alignment=&#8221;center&#8221; custom_margin_last_edited=&#8221;on|desktop&#8221; custom_padding=&#8221;10px||10px||false|false&#8221; custom_padding_tablet=&#8221;0px||0px|||&#8221; top_divider_color=&#8221;#0b07f4&#8243; bottom_divider_color=&#8221;#001e57&#8243; bottom_divider_flip=&#8221;vertical|horizontal&#8221; animation_style=&#8221;fade&#8221; animation_duration=&#8221;650ms&#8221; animation_delay=&#8221;250ms&#8221; animation_speed_curve=&#8221;ease&#8221; fb_built=&#8221;1&#8243; _i=&#8221;0&#8243; _address=&#8221;0&#8243;][et_pb_row column_structure=&#8221;1_2,1_4,1_4&#8243; _builder_version=&#8221;3.27.4&#8243; width_last_edited=&#8221;on|phone&#8221; custom_margin=&#8221;||||false|false&#8221; custom_margin_tablet=&#8221;||||false|false&#8221; custom_margin_last_edited=&#8221;on|phone&#8221; module_alignment_tablet=&#8221;center&#8221; module_alignment_phone=&#8221;center&#8221; module_alignment_last_edited=&#8221;on|tablet&#8221; _i=&#8221;0&#8243; _address=&#8221;0.0&#8243;][et_pb_column type=&#8221;1_2&#8243; _builder_version=&#8221;3.26.6&#8243; _i=&#8221;0&#8243; _address=&#8221;0.0.0&#8243;][et_pb_image src=&#8221;https:\/\/norens.se\/wp-content\/uploads\/2019\/09\/NORENS_1000.png&#8221; url=&#8221;https:\/\/norens.se\/en\/&#8221; _builder_version=&#8221;3.27.4&#8243; width_last_edited=&#8221;on|desktop&#8221; _i=&#8221;0&#8243; _address=&#8221;0.0.0.0&#8243;][\/et_pb_image][\/et_pb_column][et_pb_column type=&#8221;1_4&#8243; _builder_version=&#8221;3.26.6&#8243; _i=&#8221;1&#8243; _address=&#8221;0.0.1&#8243;][\/et_pb_column][et_pb_column type=&#8221;1_4&#8243; _builder_version=&#8221;3.26.6&#8243; _i=&#8221;2&#8243; _address=&#8221;0.0.2&#8243;][et_pb_text _builder_version=&#8221;3.27.4&#8243; text_text_color=&#8221;#18234f&#8221; text_line_height=&#8221;0.8em&#8221; header_font=&#8221;||||||||&#8221; header_text_align=&#8221;center&#8221; header_text_color=&#8221;#001e57&#8243; header_2_font=&#8221;Open Sans|600||on|||||&#8221; header_2_text_color=&#8221;#f451c6&#8243; header_2_font_size=&#8221;10px&#8221; header_2_letter_spacing=&#8221;2px&#8221; header_2_line_height=&#8221;0em&#8221; header_4_text_color=&#8221;#001e57&#8243; header_6_text_color=&#8221;#001e57&#8243; width=&#8221;100%&#8221; width_tablet=&#8221;80%&#8221; width_phone=&#8221;90%&#8221; width_last_edited=&#8221;off|desktop&#8221; module_alignment=&#8221;center&#8221; custom_margin=&#8221;||||false|false&#8221; custom_margin_tablet=&#8221;|||||&#8221; custom_margin_phone=&#8221;|40px||40px|false|false&#8221; custom_margin_last_edited=&#8221;on|desktop&#8221; custom_padding=&#8221;||||false|false&#8221; custom_padding_tablet=&#8221;|40px|||false|false&#8221; custom_padding_phone=&#8221;|40px||40px|false|false&#8221; custom_padding_last_edited=&#8221;on|phone&#8221; text_font_size_tablet=&#8221;14px&#8221; text_font_size_phone=&#8221;16px&#8221; text_font_size_last_edited=&#8221;on|tablet&#8221; text_line_height_phone=&#8221;1.4em&#8221; text_line_height_last_edited=&#8221;on|desktop&#8221; text_text_align=&#8221;center&#8221; _i=&#8221;0&#8243; _address=&#8221;0.0.2.0&#8243; width__hover_enabled=&#8221;on|desktop&#8221;]<\/p>\n<h2 class=\"font_8\" style=\"text-align: right;\">CONTACT<\/h2>\n<p>[\/et_pb_text][et_pb_text _builder_version=&#8221;3.27.4&#8243; text_font=&#8221;|||on|||||&#8221; text_text_color=&#8221;#18234f&#8221; text_font_size=&#8221;10px&#8221; text_letter_spacing=&#8221;2px&#8221; text_line_height=&#8221;1.6em&#8221; header_font=&#8221;||||||||&#8221; header_text_align=&#8221;center&#8221; header_text_color=&#8221;#001e57&#8243; header_2_font=&#8221;Times New Roman|600|on||||||&#8221; header_2_text_color=&#8221;#001e57&#8243; header_4_text_color=&#8221;#001e57&#8243; header_6_text_color=&#8221;#001e57&#8243; width=&#8221;100%&#8221; width_tablet=&#8221;80%&#8221; width_phone=&#8221;90%&#8221; width_last_edited=&#8221;off|desktop&#8221; module_alignment=&#8221;center&#8221; custom_margin=&#8221;||||false|false&#8221; custom_margin_tablet=&#8221;|||||&#8221; custom_margin_phone=&#8221;|40px||40px|false|false&#8221; custom_margin_last_edited=&#8221;on|phone&#8221; custom_padding=&#8221;||||false|false&#8221; custom_padding_tablet=&#8221;|40px|||false|false&#8221; custom_padding_phone=&#8221;|40px||40px|false|false&#8221; custom_padding_last_edited=&#8221;on|phone&#8221; text_font_size_tablet=&#8221;11px&#8221; text_font_size_phone=&#8221;11px&#8221; text_font_size_last_edited=&#8221;on|phone&#8221; text_line_height_phone=&#8221;1.4em&#8221; text_line_height_last_edited=&#8221;on|desktop&#8221; text_text_align=&#8221;center&#8221; _i=&#8221;1&#8243; _address=&#8221;0.0.2.1&#8243; width__hover_enabled=&#8221;on|desktop&#8221;]<\/p>\n<p class=\"font_8\" style=\"text-align: right;\">Norens Patentbyr\u00e5<br \/>\nNarvav\u00e4gen 15<br \/>\nSTOCKHOLM, SWEDEN<br \/>\n+46 8 545 874 00<br \/>\n<a href=\"mailto:norens@norens.se\">norens@norens.se<\/a><\/p>\n<p>[\/et_pb_text][\/et_pb_column][\/et_pb_row][\/et_pb_section][et_pb_section fb_built=&#8221;1&#8243; fullwidth=&#8221;on&#8221; disabled_on=&#8221;on|on|off&#8221; _builder_version=&#8221;3.27.4&#8243; background_color=&#8221;rgba(0,0,0,0)&#8221; custom_margin=&#8221;||20px||false|false&#8221; animation_style=&#8221;fade&#8221; animation_duration=&#8221;1300ms&#8221; animation_delay=&#8221;100ms&#8221; fb_built=&#8221;1&#8243; _i=&#8221;1&#8243; _address=&#8221;1&#8243;][et_pb_fullwidth_menu menu_id=&#8221;45&#8243; fullwidth_menu=&#8221;off&#8221; active_link_color=&#8221;#f451c6&#8243; dropdown_menu_bg_color=&#8221;#001e57&#8243; dropdown_menu_line_color=&#8221;#f451c6&#8243; dropdown_menu_text_color=&#8221;#f7f7f7&#8243; mobile_menu_bg_color=&#8221;#f7f7f7&#8243; mobile_menu_text_color=&#8221;#f7f7f7&#8243; active_link_color_tablet=&#8221;#0b07f4&#8243; active_link_color_last_edited=&#8221;on|desktop&#8221; dropdown_menu_line_color_tablet=&#8221;#0b07f4&#8243; dropdown_menu_line_color_phone=&#8221;#0b07f4&#8243; dropdown_menu_line_color_last_edited=&#8221;on|tablet&#8221; mobile_menu_bg_color_tablet=&#8221;#001e57&#8243; mobile_menu_bg_color_phone=&#8221;#001e57&#8243; mobile_menu_bg_color_last_edited=&#8221;on|tablet&#8221; mobile_menu_text_color_tablet=&#8221;#f7f7f7&#8243; mobile_menu_text_color_phone=&#8221;#f7f7f7&#8243; mobile_menu_text_color_last_edited=&#8221;on|desktop&#8221; _builder_version=&#8221;3.27.4&#8243; menu_font=&#8221;|600||on|||||&#8221; menu_text_color=&#8221;#001e57&#8243; menu_font_size=&#8221;10px&#8221; menu_letter_spacing=&#8221;2px&#8221; background_color=&#8221;rgba(0,0,0,0)&#8221; text_orientation=&#8221;right&#8221; custom_padding=&#8221;||||false|false&#8221; hover_transition_duration=&#8221;0ms&#8221; menu_text_color_tablet=&#8221;#001e57&#8243; menu_text_color_phone=&#8221;#001e57&#8243; menu_text_color_last_edited=&#8221;on|phone&#8221; menu_font_size_phone=&#8221;10px&#8221; menu_font_size_last_edited=&#8221;on|phone&#8221; text_orientation_tablet=&#8221;right&#8221; text_orientation_phone=&#8221;right&#8221; text_orientation_last_edited=&#8221;on|desktop&#8221; background_layout_tablet=&#8221;light&#8221; background_layout_last_edited=&#8221;on|phone&#8221; _i=&#8221;0&#8243; _address=&#8221;1.0&#8243;][\/et_pb_fullwidth_menu][\/et_pb_section][et_pb_section fb_built=&#8221;1&#8243; disabled_on=&#8221;off|off|off&#8221; _builder_version=&#8221;3.27.4&#8243; background_color=&#8221;rgba(0,0,0,0)&#8221; width=&#8221;80%&#8221; width_tablet=&#8221;90%&#8221; width_phone=&#8221;100%&#8221; width_last_edited=&#8221;on|phone&#8221; module_alignment=&#8221;center&#8221; custom_margin=&#8221;-20px||||false|false&#8221; custom_margin_tablet=&#8221;0px||20px||false|false&#8221; custom_margin_phone=&#8221;||||false|false&#8221; custom_margin_last_edited=&#8221;on|phone&#8221; animation_style=&#8221;fade&#8221; animation_duration=&#8221;1250ms&#8221; animation_delay=&#8221;100ms&#8221; fb_built=&#8221;1&#8243; _i=&#8221;2&#8243; _address=&#8221;2&#8243;][et_pb_row column_structure=&#8221;3_5,2_5&#8243; use_custom_gutter=&#8221;on&#8221; gutter_width=&#8221;3&#8243; _builder_version=&#8221;3.27.4&#8243; width=&#8221;100%&#8221; width_tablet=&#8221;90%&#8221; width_phone=&#8221;80%&#8221; width_last_edited=&#8221;on|tablet&#8221; custom_margin=&#8221;||||false|false&#8221; custom_margin_tablet=&#8221;40px||||false|false&#8221; custom_margin_last_edited=&#8221;on|phone&#8221; _i=&#8221;0&#8243; _address=&#8221;2.0&#8243;][et_pb_column type=&#8221;3_5&#8243; _builder_version=&#8221;3.26.6&#8243; _i=&#8221;0&#8243; _address=&#8221;2.0.0&#8243;][et_pb_text _builder_version=&#8221;3.27.4&#8243; header_font_size=&#8221;20px&#8221; custom_margin=&#8221;||0px||false|false&#8221; _i=&#8221;0&#8243; _address=&#8221;2.0.0.0&#8243;]<\/p>\n<h1><em>Patent Strategy<\/em><\/h1>\n<p>[\/et_pb_text][et_pb_text _builder_version=&#8221;3.27.4&#8243; text_font=&#8221;Times New Roman||on||||||&#8221; text_text_color=&#8221;#18234f&#8221; text_font_size=&#8221;18px&#8221; text_line_height=&#8221;1.4em&#8221; custom_margin=&#8221;||30px||false|false&#8221; custom_margin_tablet=&#8221;||30px||false|false&#8221; custom_margin_phone=&#8221;||30px||false|false&#8221; custom_margin_last_edited=&#8221;on|tablet&#8221; text_font_size_phone=&#8221;18px&#8221; text_font_size_last_edited=&#8221;on|phone&#8221; text_line_height_tablet=&#8221;26px&#8221; text_line_height_phone=&#8221;24px&#8221; text_line_height_last_edited=&#8221;on|tablet&#8221; _i=&#8221;1&#8243; _address=&#8221;2.0.0.1&#8243;]Naturally you want to protect your technology in the best possible way in a cost efficient manner. It is important to get the big picture before a strategy is decided.[\/et_pb_text][et_pb_text _builder_version=&#8221;3.27.4&#8243; text_font=&#8221;||||||||&#8221; text_text_color=&#8221;#060e3a&#8221; header_2_font=&#8221;Open Sans|600||on|||||&#8221; header_2_text_color=&#8221;#001e57&#8243; header_2_font_size=&#8221;11px&#8221; header_2_letter_spacing=&#8221;2px&#8221; header_2_line_height=&#8221;2em&#8221; custom_margin=&#8221;||20px||false|false&#8221; custom_margin_tablet=&#8221;||||false|false&#8221; custom_margin_phone=&#8221;||20px||false|false&#8221; custom_margin_last_edited=&#8221;on|phone&#8221; text_font_size_last_edited=&#8221;on|phone&#8221; _i=&#8221;2&#8243; _address=&#8221;2.0.0.2&#8243;]Our experience of many years when it comes to commercialization of new technology within most areas of business, combined with deep knowledge of the patent system, makes us a good partner when deciding upon the right type of protection. Our ambition is to build long-term relations with our clients, so that the responsible patent attorney for a certain client always has detailed knowledge of both the history and the current market situation for the current case.<\/p>\n<p>In order to gain maximal benefit from the invested in the patent portfolio, it is often necessary to look beyond the own technology. We offer a wide selection of patent related services, such as novelty searches, freedom to operate analyses, due diligence, infringement opinions and validity analyses. All such services are tailor-made to fit the actual needs of each individual client.<\/p>\n<p>Moreover, our substantial experience in court proceedings relating to intellectual property matters guarantees that we know what is actually required by a patent when it really matters. Of course, this is very important both when drafting patent applications and when assessing others\u2019 patents.[\/et_pb_text][\/et_pb_column][et_pb_column type=&#8221;2_5&#8243; _builder_version=&#8221;3.25&#8243; custom_padding=&#8221;|||&#8221; custom_padding__hover=&#8221;|||&#8221; _i=&#8221;1&#8243; _address=&#8221;2.0.1&#8243;][et_pb_text _builder_version=&#8221;3.27.4&#8243; text_font=&#8221;||||||||&#8221; text_text_color=&#8221;#060e3a&#8221; header_4_font=&#8221;Open Sans|600||on|||||&#8221; header_4_text_color=&#8221;#001e57&#8243; header_4_font_size=&#8221;11px&#8221; header_4_letter_spacing=&#8221;2px&#8221; header_4_line_height=&#8221;1.4em&#8221; custom_margin=&#8221;||0px||false|false&#8221; custom_margin_tablet=&#8221;||20px||false|false&#8221; custom_margin_phone=&#8221;||20px||false|false&#8221; custom_margin_last_edited=&#8221;on|phone&#8221; text_font_size_phone=&#8221;14px&#8221; text_font_size_last_edited=&#8221;off|phone&#8221; _i=&#8221;0&#8243; _address=&#8221;2.0.1.0&#8243;]<\/p>\n<h4>CONTACT<\/h4>\n<p>[\/et_pb_text][et_pb_team_member name=&#8221;Anders Bratt&#8221; position=&#8221;Patent &amp; Design Attorney&#8221; image_url=&#8221;https:\/\/norens.se\/wp-content\/uploads\/2019\/07\/ANDERS_BRATT.jpg&#8221; _builder_version=&#8221;3.27.4&#8243; header_font=&#8221;||on||||||&#8221; header_text_color=&#8221;#001e57&#8243; header_font_size=&#8221;18px&#8221; header_line_height=&#8221;0.4em&#8221; body_font_size=&#8221;12px&#8221; position_font=&#8221;|600||on|||||&#8221; position_text_color=&#8221;#001e57&#8243; position_font_size=&#8221;10px&#8221; position_letter_spacing=&#8221;1px&#8221; position_line_height=&#8221;2em&#8221; border_width_bottom_image=&#8221;10px&#8221; border_color_bottom_image=&#8221;#f7f7f7&#8243; custom_margin=&#8221;||40px||false|false&#8221; custom_margin_last_edited=&#8221;on|phone&#8221; _i=&#8221;1&#8243; _address=&#8221;2.0.1.1&#8243;]<\/p>\n<p><span>T\u00a0 +46 8 545 874 00<\/span><br \/> <span>M\u00a0 +46 70\u00a0622 73 51<\/span><br \/> <em><a href=\"mailto:anders.bratt@norens.se\" title=\"anders.bratt@norens.se\">anders.bratt@norens.se<\/a><\/em><\/p>\n<p>[\/et_pb_team_member][et_pb_sidebar orientation=&#8221;right&#8221; area=&#8221;et_pb_widget_area_15&#8243; show_border=&#8221;off&#8221; disabled_on=&#8221;off|off|on&#8221; _builder_version=&#8221;3.27.4&#8243; header_font=&#8221;Open Sans|600|||||||&#8221; header_font_size=&#8221;10px&#8221; header_letter_spacing=&#8221;2px&#8221; header_line_height=&#8221;2em&#8221; body_font=&#8221;|600||on|||||&#8221; body_text_align=&#8221;left&#8221; body_text_color=&#8221;#18234f&#8221; body_font_size=&#8221;10px&#8221; body_letter_spacing=&#8221;2px&#8221; body_line_height=&#8221;2em&#8221; background_enable_image=&#8221;off&#8221; background_size=&#8221;contain&#8221; background_position=&#8221;bottom_center&#8221; text_orientation=&#8221;right&#8221; custom_margin=&#8221;||||false|false&#8221; custom_margin_tablet=&#8221;||30px||false|false&#8221; custom_margin_last_edited=&#8221;on|phone&#8221; text_orientation_tablet=&#8221;left&#8221; text_orientation_last_edited=&#8221;on|phone&#8221; _i=&#8221;2&#8243; _address=&#8221;2.0.1.2&#8243;][\/et_pb_sidebar][\/et_pb_column][\/et_pb_row][\/et_pb_section]<\/p>\n","protected":false},"excerpt":{"rendered":"<p>CONTACTNorens Patentbyr\u00e5 Narvav\u00e4gen 15 STOCKHOLM, SWEDEN +46 8 545 874 00 norens@norens.sePatent StrategyNaturally you want to protect your technology in the best possible way in a cost efficient manner. It is important to get the big picture before a strategy is decided.Our experience of many years when it comes to commercialization of new technology within [&hellip;]<\/p>\n","protected":false},"author":6,"featured_media":0,"parent":13591,"menu_order":0,"comment_status":"closed","ping_status":"closed","template":"","meta":{"_et_pb_use_builder":"on","_et_pb_old_content":"","_et_gb_content_width":"","footnotes":""},"class_list":["post-13600","page","type-page","status-publish","hentry"],"yoast_head":"<!-- This site is optimized with the Yoast SEO plugin v27.4 - https:\/\/yoast.com\/product\/yoast-seo-wordpress\/ -->\n<title>Patent Strategy - Nor\u00e9ns Patentbyr\u00e5<\/title>\n<meta name=\"robots\" content=\"index, follow, max-snippet:-1, max-image-preview:large, max-video-preview:-1\" \/>\n<link rel=\"canonical\" href=\"https:\/\/norens.se\/en\/our-services\/patent\/patent-strategy\/\" \/>\n<meta property=\"og:locale\" content=\"en_US\" \/>\n<meta property=\"og:type\" content=\"article\" \/>\n<meta property=\"og:title\" content=\"Patent Strategy - Nor\u00e9ns Patentbyr\u00e5\" \/>\n<meta property=\"og:description\" content=\"CONTACTNorens Patentbyr\u00e5 Narvav\u00e4gen 15 STOCKHOLM, SWEDEN +46 8 545 874 00 norens@norens.sePatent StrategyNaturally you want to protect your technology in the best possible way in a cost efficient manner. It is important to get the big picture before a strategy is decided.Our experience of many years when it comes to commercialization of new technology within [&hellip;]\" \/>\n<meta property=\"og:url\" content=\"https:\/\/norens.se\/en\/our-services\/patent\/patent-strategy\/\" \/>\n<meta property=\"og:site_name\" content=\"Nor\u00e9ns Patentbyr\u00e5\" \/>\n<meta property=\"article:modified_time\" content=\"2019-11-19T10:19:40+00:00\" \/>\n<meta name=\"twitter:card\" content=\"summary_large_image\" \/>\n<meta name=\"twitter:label1\" content=\"Est. reading time\" \/>\n\t<meta name=\"twitter:data1\" content=\"8 minutes\" \/>\n<script type=\"application\/ld+json\" class=\"yoast-schema-graph\">{\"@context\":\"https:\\\/\\\/schema.org\",\"@graph\":[{\"@type\":\"WebPage\",\"@id\":\"https:\\\/\\\/norens.se\\\/en\\\/our-services\\\/patent\\\/patent-strategy\\\/\",\"url\":\"https:\\\/\\\/norens.se\\\/en\\\/our-services\\\/patent\\\/patent-strategy\\\/\",\"name\":\"Patent Strategy - Nor\u00e9ns Patentbyr\u00e5\",\"isPartOf\":{\"@id\":\"https:\\\/\\\/norens.se\\\/en\\\/#website\"},\"datePublished\":\"2019-11-19T10:19:39+00:00\",\"dateModified\":\"2019-11-19T10:19:40+00:00\",\"breadcrumb\":{\"@id\":\"https:\\\/\\\/norens.se\\\/en\\\/our-services\\\/patent\\\/patent-strategy\\\/#breadcrumb\"},\"inLanguage\":\"en-US\",\"potentialAction\":[{\"@type\":\"ReadAction\",\"target\":[\"https:\\\/\\\/norens.se\\\/en\\\/our-services\\\/patent\\\/patent-strategy\\\/\"]}]},{\"@type\":\"BreadcrumbList\",\"@id\":\"https:\\\/\\\/norens.se\\\/en\\\/our-services\\\/patent\\\/patent-strategy\\\/#breadcrumb\",\"itemListElement\":[{\"@type\":\"ListItem\",\"position\":1,\"name\":\"Home\",\"item\":\"https:\\\/\\\/norens.se\\\/en\\\/\"},{\"@type\":\"ListItem\",\"position\":2,\"name\":\"Our Services\",\"item\":\"https:\\\/\\\/norens.se\\\/en\\\/tjanster\\\/\"},{\"@type\":\"ListItem\",\"position\":3,\"name\":\"Patent\",\"item\":\"https:\\\/\\\/norens.se\\\/en\\\/tjanster\\\/patent\\\/\"},{\"@type\":\"ListItem\",\"position\":4,\"name\":\"Patent Strategy\"}]},{\"@type\":\"WebSite\",\"@id\":\"https:\\\/\\\/norens.se\\\/en\\\/#website\",\"url\":\"https:\\\/\\\/norens.se\\\/en\\\/\",\"name\":\"Nor\u00e9ns Patentbyr\u00e5\",\"description\":\"PATENT TRADEMARK DESIGN\",\"publisher\":{\"@id\":\"https:\\\/\\\/norens.se\\\/en\\\/#organization\"},\"potentialAction\":[{\"@type\":\"SearchAction\",\"target\":{\"@type\":\"EntryPoint\",\"urlTemplate\":\"https:\\\/\\\/norens.se\\\/en\\\/?s={search_term_string}\"},\"query-input\":{\"@type\":\"PropertyValueSpecification\",\"valueRequired\":true,\"valueName\":\"search_term_string\"}}],\"inLanguage\":\"en-US\"},{\"@type\":\"Organization\",\"@id\":\"https:\\\/\\\/norens.se\\\/en\\\/#organization\",\"name\":\"Norens Patentbyr\u00e5\",\"url\":\"https:\\\/\\\/norens.se\\\/en\\\/\",\"logo\":{\"@type\":\"ImageObject\",\"inLanguage\":\"en-US\",\"@id\":\"https:\\\/\\\/norens.se\\\/en\\\/#\\\/schema\\\/logo\\\/image\\\/\",\"url\":\"https:\\\/\\\/norens.se\\\/wp-content\\\/uploads\\\/2019\\\/09\\\/NORENS_1000.png\",\"contentUrl\":\"https:\\\/\\\/norens.se\\\/wp-content\\\/uploads\\\/2019\\\/09\\\/NORENS_1000.png\",\"width\":1000,\"height\":152,\"caption\":\"Norens Patentbyr\u00e5\"},\"image\":{\"@id\":\"https:\\\/\\\/norens.se\\\/en\\\/#\\\/schema\\\/logo\\\/image\\\/\"}}]}<\/script>\n<!-- \/ Yoast SEO plugin. -->","yoast_head_json":{"title":"Patent Strategy - Nor\u00e9ns Patentbyr\u00e5","robots":{"index":"index","follow":"follow","max-snippet":"max-snippet:-1","max-image-preview":"max-image-preview:large","max-video-preview":"max-video-preview:-1"},"canonical":"https:\/\/norens.se\/en\/our-services\/patent\/patent-strategy\/","og_locale":"en_US","og_type":"article","og_title":"Patent Strategy - Nor\u00e9ns Patentbyr\u00e5","og_description":"CONTACTNorens Patentbyr\u00e5 Narvav\u00e4gen 15 STOCKHOLM, SWEDEN +46 8 545 874 00 norens@norens.sePatent StrategyNaturally you want to protect your technology in the best possible way in a cost efficient manner. It is important to get the big picture before a strategy is decided.Our experience of many years when it comes to commercialization of new technology within [&hellip;]","og_url":"https:\/\/norens.se\/en\/our-services\/patent\/patent-strategy\/","og_site_name":"Nor\u00e9ns Patentbyr\u00e5","article_modified_time":"2019-11-19T10:19:40+00:00","twitter_card":"summary_large_image","twitter_misc":{"Est. reading time":"8 minutes"},"schema":{"@context":"https:\/\/schema.org","@graph":[{"@type":"WebPage","@id":"https:\/\/norens.se\/en\/our-services\/patent\/patent-strategy\/","url":"https:\/\/norens.se\/en\/our-services\/patent\/patent-strategy\/","name":"Patent Strategy - Nor\u00e9ns Patentbyr\u00e5","isPartOf":{"@id":"https:\/\/norens.se\/en\/#website"},"datePublished":"2019-11-19T10:19:39+00:00","dateModified":"2019-11-19T10:19:40+00:00","breadcrumb":{"@id":"https:\/\/norens.se\/en\/our-services\/patent\/patent-strategy\/#breadcrumb"},"inLanguage":"en-US","potentialAction":[{"@type":"ReadAction","target":["https:\/\/norens.se\/en\/our-services\/patent\/patent-strategy\/"]}]},{"@type":"BreadcrumbList","@id":"https:\/\/norens.se\/en\/our-services\/patent\/patent-strategy\/#breadcrumb","itemListElement":[{"@type":"ListItem","position":1,"name":"Home","item":"https:\/\/norens.se\/en\/"},{"@type":"ListItem","position":2,"name":"Our Services","item":"https:\/\/norens.se\/en\/tjanster\/"},{"@type":"ListItem","position":3,"name":"Patent","item":"https:\/\/norens.se\/en\/tjanster\/patent\/"},{"@type":"ListItem","position":4,"name":"Patent Strategy"}]},{"@type":"WebSite","@id":"https:\/\/norens.se\/en\/#website","url":"https:\/\/norens.se\/en\/","name":"Nor\u00e9ns Patentbyr\u00e5","description":"PATENT TRADEMARK DESIGN","publisher":{"@id":"https:\/\/norens.se\/en\/#organization"},"potentialAction":[{"@type":"SearchAction","target":{"@type":"EntryPoint","urlTemplate":"https:\/\/norens.se\/en\/?s={search_term_string}"},"query-input":{"@type":"PropertyValueSpecification","valueRequired":true,"valueName":"search_term_string"}}],"inLanguage":"en-US"},{"@type":"Organization","@id":"https:\/\/norens.se\/en\/#organization","name":"Norens Patentbyr\u00e5","url":"https:\/\/norens.se\/en\/","logo":{"@type":"ImageObject","inLanguage":"en-US","@id":"https:\/\/norens.se\/en\/#\/schema\/logo\/image\/","url":"https:\/\/norens.se\/wp-content\/uploads\/2019\/09\/NORENS_1000.png","contentUrl":"https:\/\/norens.se\/wp-content\/uploads\/2019\/09\/NORENS_1000.png","width":1000,"height":152,"caption":"Norens Patentbyr\u00e5"},"image":{"@id":"https:\/\/norens.se\/en\/#\/schema\/logo\/image\/"}}]}},"_links":{"self":[{"href":"https:\/\/norens.se\/en\/wp-json\/wp\/v2\/pages\/13600","targetHints":{"allow":["GET"]}}],"collection":[{"href":"https:\/\/norens.se\/en\/wp-json\/wp\/v2\/pages"}],"about":[{"href":"https:\/\/norens.se\/en\/wp-json\/wp\/v2\/types\/page"}],"author":[{"embeddable":true,"href":"https:\/\/norens.se\/en\/wp-json\/wp\/v2\/users\/6"}],"replies":[{"embeddable":true,"href":"https:\/\/norens.se\/en\/wp-json\/wp\/v2\/comments?post=13600"}],"version-history":[{"count":1,"href":"https:\/\/norens.se\/en\/wp-json\/wp\/v2\/pages\/13600\/revisions"}],"predecessor-version":[{"id":13601,"href":"https:\/\/norens.se\/en\/wp-json\/wp\/v2\/pages\/13600\/revisions\/13601"}],"up":[{"embeddable":true,"href":"https:\/\/norens.se\/en\/wp-json\/wp\/v2\/pages\/13591"}],"wp:attachment":[{"href":"https:\/\/norens.se\/en\/wp-json\/wp\/v2\/media?parent=13600"}],"curies":[{"name":"wp","href":"https:\/\/api.w.org\/{rel}","templated":true}]}}