{"id":13556,"date":"2019-10-04T22:36:16","date_gmt":"2019-10-04T20:36:16","guid":{"rendered":"https:\/\/norens3.b22c.se\/consumer-products\/"},"modified":"2026-02-05T14:49:15","modified_gmt":"2026-02-05T13:49:15","slug":"consumer-products","status":"publish","type":"page","link":"https:\/\/norens.se\/en\/consumer-products\/","title":{"rendered":"Consumer products"},"content":{"rendered":"<p>[et_pb_section fb_built=&#8221;1&#8243; custom_padding_last_edited=&#8221;on|desktop&#8221; disabled_on=&#8221;on|on|off&#8221; _builder_version=&#8221;4.16&#8243; background_color=&#8221;#f7f7f7&#8243; parallax=&#8221;on&#8221; width=&#8221;100%&#8221; width_tablet=&#8221;100%&#8221; width_phone=&#8221;&#8221; width_last_edited=&#8221;on|desktop&#8221; max_width=&#8221;100%&#8221; module_alignment=&#8221;center&#8221; custom_margin_tablet=&#8221;&#8221; custom_margin_phone=&#8221;&#8221; custom_margin_last_edited=&#8221;on|desktop&#8221; custom_padding=&#8221;10px||10px||false|false&#8221; custom_padding_tablet=&#8221;0px||0px|||&#8221; custom_padding_phone=&#8221;&#8221; top_divider_color=&#8221;#0b07f4&#8243; bottom_divider_color=&#8221;#001e57&#8243; bottom_divider_flip=&#8221;vertical|horizontal&#8221; animation_style=&#8221;fade&#8221; animation_duration=&#8221;650ms&#8221; animation_delay=&#8221;250ms&#8221; animation_speed_curve=&#8221;ease&#8221; box_shadow_style=&#8221;preset1&#8243; box_shadow_spread=&#8221;-10px&#8221; global_colors_info=&#8221;{}&#8221;][et_pb_row column_structure=&#8221;1_2,1_4,1_4&#8243; _builder_version=&#8221;4.16&#8243; width_tablet=&#8221;&#8221; width_phone=&#8221;&#8221; width_last_edited=&#8221;on|phone&#8221; custom_margin=&#8221;||||false|false&#8221; custom_margin_tablet=&#8221;||||false|false&#8221; custom_margin_phone=&#8221;&#8221; custom_margin_last_edited=&#8221;on|phone&#8221; module_alignment_tablet=&#8221;center&#8221; module_alignment_phone=&#8221;center&#8221; module_alignment_last_edited=&#8221;on|tablet&#8221; global_colors_info=&#8221;{}&#8221;][et_pb_column type=&#8221;1_2&#8243; _builder_version=&#8221;4.16&#8243; global_colors_info=&#8221;{}&#8221;][et_pb_image src=&#8221;https:\/\/norens.se\/wp-content\/uploads\/2019\/09\/NORENS_1000.png&#8221; url=&#8221;https:\/\/norens.se\/en\/&#8221; _builder_version=&#8221;4.16&#8243; width_tablet=&#8221;&#8221; width_phone=&#8221;&#8221; width_last_edited=&#8221;on|desktop&#8221; global_colors_info=&#8221;{}&#8221;][\/et_pb_image][\/et_pb_column][et_pb_column type=&#8221;1_4&#8243; _builder_version=&#8221;4.16&#8243; global_colors_info=&#8221;{}&#8221;][\/et_pb_column][et_pb_column type=&#8221;1_4&#8243; _builder_version=&#8221;4.16&#8243; global_colors_info=&#8221;{}&#8221;][et_pb_text _builder_version=&#8221;4.16&#8243; text_text_color=&#8221;#18234f&#8221; text_line_height=&#8221;0.8em&#8221; header_font=&#8221;||||||||&#8221; header_text_align=&#8221;center&#8221; header_text_color=&#8221;#001e57&#8243; header_2_font=&#8221;Open Sans|600||on|||||&#8221; header_2_text_color=&#8221;#f451c6&#8243; header_2_font_size=&#8221;10px&#8221; header_2_letter_spacing=&#8221;2px&#8221; header_2_line_height=&#8221;0em&#8221; header_4_text_color=&#8221;#001e57&#8243; header_6_text_color=&#8221;#001e57&#8243; width=&#8221;100%&#8221; width_tablet=&#8221;80%&#8221; width_phone=&#8221;90%&#8221; width_last_edited=&#8221;off|desktop&#8221; module_alignment=&#8221;center&#8221; custom_margin=&#8221;||||false|false&#8221; custom_margin_tablet=&#8221;|||||&#8221; custom_margin_phone=&#8221;|40px||40px|false|false&#8221; custom_margin_last_edited=&#8221;on|desktop&#8221; custom_padding=&#8221;||||false|false&#8221; custom_padding_tablet=&#8221;|40px|||false|false&#8221; custom_padding_phone=&#8221;|40px||40px|false|false&#8221; custom_padding_last_edited=&#8221;on|phone&#8221; text_font_size_tablet=&#8221;14px&#8221; text_font_size_phone=&#8221;16px&#8221; text_font_size_last_edited=&#8221;on|tablet&#8221; text_line_height_tablet=&#8221;&#8221; text_line_height_phone=&#8221;1.4em&#8221; text_line_height_last_edited=&#8221;on|desktop&#8221; text_text_align=&#8221;center&#8221; global_colors_info=&#8221;{}&#8221; width__hover_enabled=&#8221;on|desktop&#8221; width__hover=&#8221;100%&#8221;]<\/p>\n<h2 class=\"font_8\" style=\"text-align: right;\">CONTACT<\/h2>\n<p>[\/et_pb_text][et_pb_text _builder_version=&#8221;4.16&#8243; text_font=&#8221;|||on|||||&#8221; text_text_color=&#8221;#18234f&#8221; text_font_size=&#8221;10px&#8221; text_letter_spacing=&#8221;2px&#8221; text_line_height=&#8221;1.6em&#8221; header_font=&#8221;||||||||&#8221; header_text_align=&#8221;center&#8221; header_text_color=&#8221;#001e57&#8243; header_2_font=&#8221;Times New Roman|600|on||||||&#8221; header_2_text_color=&#8221;#001e57&#8243; header_4_text_color=&#8221;#001e57&#8243; header_6_text_color=&#8221;#001e57&#8243; width=&#8221;100%&#8221; width_tablet=&#8221;80%&#8221; width_phone=&#8221;90%&#8221; width_last_edited=&#8221;off|desktop&#8221; module_alignment=&#8221;center&#8221; custom_margin=&#8221;||||false|false&#8221; custom_margin_tablet=&#8221;|||||&#8221; custom_margin_phone=&#8221;|40px||40px|false|false&#8221; custom_margin_last_edited=&#8221;on|phone&#8221; custom_padding=&#8221;||||false|false&#8221; custom_padding_tablet=&#8221;|40px|||false|false&#8221; custom_padding_phone=&#8221;|40px||40px|false|false&#8221; custom_padding_last_edited=&#8221;on|phone&#8221; text_font_size_tablet=&#8221;11px&#8221; text_font_size_phone=&#8221;11px&#8221; text_font_size_last_edited=&#8221;on|phone&#8221; text_line_height_tablet=&#8221;&#8221; text_line_height_phone=&#8221;1.4em&#8221; text_line_height_last_edited=&#8221;on|desktop&#8221; text_text_align=&#8221;center&#8221; global_colors_info=&#8221;{}&#8221; width__hover_enabled=&#8221;on|desktop&#8221; width__hover=&#8221;100%&#8221;]<\/p>\n<p class=\"font_8\" style=\"text-align: right;\">Nor\u00e9ns Patentbyr\u00e5 AB<br \/> STOCKHOLM, SWEDEN<br \/> +46 8 545 874 00<br \/> <a href=\"mailto:norens@norens.se\">norens@norens.se<\/a><\/p>\n<p>[\/et_pb_text][\/et_pb_column][\/et_pb_row][\/et_pb_section][et_pb_section fb_built=&#8221;1&#8243; disabled_on=&#8221;off|off|off&#8221; _builder_version=&#8221;4.16&#8243; background_color=&#8221;rgba(0,0,0,0)&#8221; width=&#8221;80%&#8221; width_tablet=&#8221;90%&#8221; width_phone=&#8221;100%&#8221; width_last_edited=&#8221;on|phone&#8221; module_alignment=&#8221;center&#8221; custom_margin=&#8221;20px||||false|false&#8221; custom_margin_tablet=&#8221;||20px||false|false&#8221; custom_margin_phone=&#8221;20px||||false|false&#8221; custom_margin_last_edited=&#8221;on|phone&#8221; animation_style=&#8221;fade&#8221; animation_duration=&#8221;1200ms&#8221; animation_delay=&#8221;70ms&#8221; global_colors_info=&#8221;{}&#8221;][et_pb_row column_structure=&#8221;1_2,1_2&#8243; use_custom_gutter=&#8221;on&#8221; gutter_width=&#8221;4&#8243; _builder_version=&#8221;4.16&#8243; width=&#8221;100%&#8221; width_tablet=&#8221;90%&#8221; width_phone=&#8221;80%&#8221; width_last_edited=&#8221;on|tablet&#8221; custom_margin=&#8221;||||false|false&#8221; custom_margin_tablet=&#8221;20px||0px||false|false&#8221; custom_margin_phone=&#8221;10px||||false|false&#8221; custom_margin_last_edited=&#8221;on|phone&#8221; global_colors_info=&#8221;{}&#8221;][et_pb_column type=&#8221;1_2&#8243; _builder_version=&#8221;4.16&#8243; global_colors_info=&#8221;{}&#8221;][et_pb_image src=&#8221;https:\/\/norens.se\/wp-content\/uploads\/2021\/12\/NORENS_KONSUMENT-1.jpg&#8221; title_text=&#8221;NORENS_KONSUMENT-1&#8243; _builder_version=&#8221;4.16&#8243; custom_margin=&#8221;||30px||false|false&#8221; custom_margin_tablet=&#8221;&#8221; custom_margin_phone=&#8221;||20px||false|false&#8221; custom_margin_last_edited=&#8221;on|phone&#8221; global_colors_info=&#8221;{}&#8221;][\/et_pb_image][\/et_pb_column][et_pb_column type=&#8221;1_2&#8243; _builder_version=&#8221;4.16&#8243; custom_padding=&#8221;|||&#8221; global_colors_info=&#8221;{}&#8221; custom_padding__hover=&#8221;|||&#8221;][et_pb_text _builder_version=&#8221;4.16&#8243; header_font_size=&#8221;20px&#8221; custom_margin=&#8221;||0px||false|false&#8221; custom_margin_tablet=&#8221;&#8221; custom_margin_phone=&#8221;&#8221; custom_margin_last_edited=&#8221;on|phone&#8221; global_colors_info=&#8221;{}&#8221;]<\/p>\n<h1><em>Consumer Products<\/em><\/h1>\n<p>[\/et_pb_text][et_pb_text _builder_version=&#8221;4.16&#8243; text_font=&#8221;Times New Roman||on||||||&#8221; text_text_color=&#8221;#18234f&#8221; text_font_size=&#8221;18px&#8221; text_line_height=&#8221;1.4em&#8221; width=&#8221;100%&#8221; width_tablet=&#8221;100%&#8221; width_phone=&#8221;100%&#8221; width_last_edited=&#8221;on|tablet&#8221; module_alignment=&#8221;left&#8221; custom_margin=&#8221;||20px||false|false&#8221; custom_margin_tablet=&#8221;||20px||false|false&#8221; custom_margin_phone=&#8221;||||false|false&#8221; custom_margin_last_edited=&#8221;on|phone&#8221; text_font_size_tablet=&#8221;&#8221; text_font_size_phone=&#8221;18px&#8221; text_font_size_last_edited=&#8221;on|phone&#8221; text_line_height_tablet=&#8221;26px&#8221; text_line_height_phone=&#8221;24px&#8221; text_line_height_last_edited=&#8221;on|tablet&#8221; global_colors_info=&#8221;{}&#8221;]Nor\u00e9ns has a strong team that helps you to protect consumer products using trademarks, registered designs or patents.[\/et_pb_text][et_pb_text _builder_version=&#8221;4.16&#8243; text_font=&#8221;||||||||&#8221; text_text_color=&#8221;#060e3a&#8221; header_2_font=&#8221;Open Sans|600||on|||||&#8221; header_2_text_color=&#8221;#001e57&#8243; header_2_font_size=&#8221;11px&#8221; header_2_letter_spacing=&#8221;2px&#8221; header_2_line_height=&#8221;3em&#8221; custom_margin=&#8221;||10px||false|false&#8221; custom_margin_tablet=&#8221;||10px||false|false&#8221; custom_margin_phone=&#8221;||10px||false|false&#8221; custom_margin_last_edited=&#8221;on|tablet&#8221; text_font_size_tablet=&#8221;&#8221; text_font_size_phone=&#8221;&#8221; text_font_size_last_edited=&#8221;on|phone&#8221; global_colors_info=&#8221;{}&#8221;]<span style=\"text-decoration: underline;\">Example of what we do<\/span><\/p>\n<p>&nbsp;<\/p>\n<ul>\n<li>\u00a0File and prosecute trademark applicatios globally<\/li>\n<li>\u00a0Advice regardign display<\/li>\n<li>\u00a0Design protection for products, logotypes and packaging<\/li>\n<li>\u00a0Trademark watches.<\/li>\n<li>\u00a0Cancellation of trademarks and designs<\/li>\n<li>\u00a0Marketing law<\/li>\n<\/ul>\n<p>[\/et_pb_text][et_pb_text _builder_version=&#8221;4.16&#8243; text_font=&#8221;||||||||&#8221; text_text_color=&#8221;#060e3a&#8221; header_2_font=&#8221;Open Sans|600||on|||||&#8221; header_2_text_color=&#8221;#001e57&#8243; header_2_font_size=&#8221;11px&#8221; header_2_letter_spacing=&#8221;2px&#8221; header_2_line_height=&#8221;3em&#8221; custom_margin=&#8221;||20px||false|false&#8221; custom_margin_tablet=&#8221;||20px||false|false&#8221; custom_margin_phone=&#8221;||||false|false&#8221; custom_margin_last_edited=&#8221;on|phone&#8221; text_font_size_tablet=&#8221;&#8221; text_font_size_phone=&#8221;&#8221; text_font_size_last_edited=&#8221;on|phone&#8221; global_colors_info=&#8221;{}&#8221;]<span style=\"font-size: 13px; text-decoration-line: underline;\">Fields of practice includes:\u00a0<\/span><\/p>\n<p>&nbsp;<\/p>\n<ul>\n<li>\u00a0Food and drink, nutritional supplements<\/li>\n<li>\u00a0Consumer electronics<\/li>\n<li>\u00a0Fashion<\/li>\n<li>\u00a0Sports gear<\/li>\n<\/ul>\n<p>[\/et_pb_text][\/et_pb_column][\/et_pb_row][et_pb_row _builder_version=&#8221;4.23&#8243; _module_preset=&#8221;default&#8221;][et_pb_column _builder_version=&#8221;4.23&#8243; _module_preset=&#8221;default&#8221; type=&#8221;4_4&#8243;][et_pb_text _builder_version=&#8221;4.23&#8243; _module_preset=&#8221;default&#8221; hover_enabled=&#8221;0&#8243; sticky_enabled=&#8221;0&#8243;]<\/p>\n<p><span style=\"color: #001e57;\"><span style=\"font-size: 11px; letter-spacing: 2px; text-transform: uppercase;\">CONTACT<\/span><\/span><\/p>\n<p>[\/et_pb_text][\/et_pb_column][\/et_pb_row][et_pb_row column_structure=&#8221;3_5,2_5&#8243; use_custom_gutter=&#8221;on&#8221; gutter_width=&#8221;3&#8243; _builder_version=&#8221;4.16&#8243; width=&#8221;100%&#8221; width_tablet=&#8221;90%&#8221; width_phone=&#8221;80%&#8221; width_last_edited=&#8221;on|tablet&#8221; custom_margin=&#8221;||||false|false&#8221; custom_margin_tablet=&#8221;20px||||false|false&#8221; custom_margin_phone=&#8221;10px||||false|false&#8221; custom_margin_last_edited=&#8221;on|phone&#8221; global_colors_info=&#8221;{}&#8221;][et_pb_column type=&#8221;3_5&#8243; _builder_version=&#8221;4.16&#8243; global_colors_info=&#8221;{}&#8221;][et_pb_team_member name=&#8221;Karolina Hedberg Str\u00f6mb\u00e4ck&#8221; position=&#8221;TRADEMARK ATTORNEY&#8221; image_url=&#8221;https:\/\/norens.se\/wp-content\/uploads\/2019\/08\/KAROLINA_HEDBERG_STROMBACK_500x700-1.jpg&#8221; _builder_version=&#8221;4.16&#8243; _dynamic_attributes=&#8221;link_option_url&#8221; header_font=&#8221;||on||||||&#8221; header_text_color=&#8221;#001e57&#8243; header_font_size=&#8221;16px&#8221; header_line_height=&#8221;0.4em&#8221; body_font_size=&#8221;12px&#8221; position_font=&#8221;|600||on|||||&#8221; position_text_color=&#8221;#001e57&#8243; position_font_size=&#8221;10px&#8221; position_letter_spacing=&#8221;1px&#8221; custom_margin=&#8221;||10px||false|false&#8221; custom_margin_tablet=&#8221;||||false|false&#8221; custom_margin_phone=&#8221;||20px||false|false&#8221; custom_margin_last_edited=&#8221;on|phone&#8221; custom_padding=&#8221;||||false|false&#8221; custom_padding_tablet=&#8221;||||false|false&#8221; custom_padding_phone=&#8221;&#8221; custom_padding_last_edited=&#8221;on|tablet&#8221; filter_hue_rotate=&#8221;359deg&#8221; filter_saturate=&#8221;99%&#8221; filter_contrast=&#8221;102%&#8221; filter_opacity=&#8221;97%&#8221; link_option_url=&#8221;@ET-DC@eyJkeW5hbWljIjp0cnVlLCJjb250ZW50IjoicG9zdF9saW5rX3VybF9wcm9qZWN0Iiwic2V0dGluZ3MiOnsicG9zdF9pZCI6IjY2MjcifX0=@&#8221; border_width_bottom_image=&#8221;10px&#8221; border_color_bottom_image=&#8221;#f7f7f7&#8243; global_colors_info=&#8221;{}&#8221;]<\/p>\n<p><span>T\u00a0 +46 8 545 874 17<\/span><br \/> <em><a href=\"mailto:karolina.stromback@norens.se\" title=\"karolina.stromback@norens.se\">karolina.stromback@norens.se<\/a><\/em><\/p>\n<p>[\/et_pb_team_member][\/et_pb_column][et_pb_column type=&#8221;2_5&#8243; _builder_version=&#8221;4.16&#8243; custom_padding=&#8221;|||&#8221; global_colors_info=&#8221;{}&#8221; custom_padding__hover=&#8221;|||&#8221;][et_pb_team_member name=&#8221;Erik Enqvist &#8221; position=&#8221;PATENT ATTORNEY&#8221; image_url=&#8221;https:\/\/norens.se\/wp-content\/uploads\/2025\/10\/Portratt-Erik-Enqvist-2-scaled.avif&#8221; _builder_version=&#8221;4.23&#8243; _dynamic_attributes=&#8221;link_option_url&#8221; header_font=&#8221;||on||||||&#8221; header_text_color=&#8221;#001e57&#8243; header_font_size=&#8221;16px&#8221; header_line_height=&#8221;0.4em&#8221; body_font_size=&#8221;12px&#8221; position_font=&#8221;|600||on|||||&#8221; position_text_color=&#8221;#001e57&#8243; position_font_size=&#8221;10px&#8221; position_letter_spacing=&#8221;1px&#8221; custom_margin=&#8221;||10px||false|false&#8221; custom_margin_tablet=&#8221;||||false|false&#8221; custom_margin_phone=&#8221;||20px||false|false&#8221; custom_margin_last_edited=&#8221;on|phone&#8221; custom_padding=&#8221;||||false|false&#8221; custom_padding_tablet=&#8221;||||false|false&#8221; custom_padding_phone=&#8221;&#8221; custom_padding_last_edited=&#8221;on|tablet&#8221; filter_hue_rotate=&#8221;359deg&#8221; filter_saturate=&#8221;99%&#8221; filter_contrast=&#8221;102%&#8221; filter_opacity=&#8221;97%&#8221; link_option_url=&#8221;@ET-DC@eyJkeW5hbWljIjp0cnVlLCJjb250ZW50IjoicG9zdF9saW5rX3VybF9wcm9qZWN0Iiwic2V0dGluZ3MiOnsicG9zdF9pZCI6IjE1ODc0In19@&#8221; hover_enabled=&#8221;0&#8243; border_width_bottom_image=&#8221;10px&#8221; border_color_bottom_image=&#8221;#f7f7f7&#8243; global_colors_info=&#8221;{}&#8221; title_text=&#8221;Portr\u00e4tt Erik Enqvist 2&#8243; sticky_enabled=&#8221;0&#8243;]<span>T\u00a0 +46 8 545 874 21<\/span><br \/>\n<em><a href=\"mailto:erik.enqvist@norens.se\" title=\"erik.enqvist@norens.se\">erik.enqvist@norens.se<\/a><\/em>[\/et_pb_team_member][\/et_pb_column][\/et_pb_row][\/et_pb_section]<\/p>\n","protected":false},"excerpt":{"rendered":"<p>CONTACTNor\u00e9ns Patentbyr\u00e5 AB STOCKHOLM, SWEDEN +46 8 545 874 00 norens@norens.seConsumer ProductsNor\u00e9ns has a strong team that helps you to protect consumer products using trademarks, registered designs or patents.Example of what we do &nbsp; \u00a0File and prosecute trademark applicatios globally \u00a0Advice regardign display \u00a0Design protection for products, logotypes and packaging \u00a0Trademark watches. \u00a0Cancellation of trademarks [&hellip;]<\/p>\n","protected":false},"author":6,"featured_media":13071,"parent":0,"menu_order":0,"comment_status":"closed","ping_status":"closed","template":"","meta":{"_et_pb_use_builder":"on","_et_pb_old_content":"","_et_gb_content_width":"","footnotes":""},"class_list":["post-13556","page","type-page","status-publish","has-post-thumbnail","hentry"],"yoast_head":"<!-- This site is optimized with the Yoast SEO plugin v27.5 - https:\/\/yoast.com\/product\/yoast-seo-wordpress\/ -->\n<title>Consumer products - Nor\u00e9ns Patentbyr\u00e5<\/title>\n<meta name=\"robots\" content=\"index, follow, max-snippet:-1, max-image-preview:large, max-video-preview:-1\" \/>\n<link rel=\"canonical\" href=\"https:\/\/norens.se\/en\/consumer-products\/\" \/>\n<meta property=\"og:locale\" content=\"en_US\" \/>\n<meta property=\"og:type\" content=\"article\" \/>\n<meta property=\"og:title\" content=\"Consumer products - Nor\u00e9ns Patentbyr\u00e5\" \/>\n<meta property=\"og:description\" content=\"CONTACTNor\u00e9ns Patentbyr\u00e5 AB STOCKHOLM, SWEDEN +46 8 545 874 00 norens@norens.seConsumer ProductsNor\u00e9ns has a strong team that helps you to protect consumer products using trademarks, registered designs or patents.Example of what we do &nbsp; \u00a0File and prosecute trademark applicatios globally \u00a0Advice regardign display \u00a0Design protection for products, logotypes and packaging \u00a0Trademark watches. \u00a0Cancellation of trademarks [&hellip;]\" \/>\n<meta property=\"og:url\" content=\"https:\/\/norens.se\/en\/consumer-products\/\" \/>\n<meta property=\"og:site_name\" content=\"Nor\u00e9ns Patentbyr\u00e5\" \/>\n<meta property=\"article:modified_time\" content=\"2026-02-05T13:49:15+00:00\" \/>\n<meta property=\"og:image\" content=\"https:\/\/norens.se\/wp-content\/uploads\/2019\/06\/NORENS_KONSUMENT.jpg\" \/>\n\t<meta property=\"og:image:width\" content=\"800\" \/>\n\t<meta property=\"og:image:height\" content=\"800\" \/>\n\t<meta property=\"og:image:type\" content=\"image\/jpeg\" \/>\n<meta name=\"twitter:card\" content=\"summary_large_image\" \/>\n<meta name=\"twitter:label1\" content=\"Est. reading time\" \/>\n\t<meta name=\"twitter:data1\" content=\"8 minutes\" \/>\n<script type=\"application\/ld+json\" class=\"yoast-schema-graph\">{\"@context\":\"https:\\\/\\\/schema.org\",\"@graph\":[{\"@type\":\"WebPage\",\"@id\":\"https:\\\/\\\/norens.se\\\/en\\\/consumer-products\\\/\",\"url\":\"https:\\\/\\\/norens.se\\\/en\\\/consumer-products\\\/\",\"name\":\"Consumer products - Nor\u00e9ns Patentbyr\u00e5\",\"isPartOf\":{\"@id\":\"https:\\\/\\\/norens.se\\\/en\\\/#website\"},\"primaryImageOfPage\":{\"@id\":\"https:\\\/\\\/norens.se\\\/en\\\/consumer-products\\\/#primaryimage\"},\"image\":{\"@id\":\"https:\\\/\\\/norens.se\\\/en\\\/consumer-products\\\/#primaryimage\"},\"thumbnailUrl\":\"https:\\\/\\\/norens.se\\\/wp-content\\\/uploads\\\/2019\\\/06\\\/NORENS_KONSUMENT.jpg\",\"datePublished\":\"2019-10-04T20:36:16+00:00\",\"dateModified\":\"2026-02-05T13:49:15+00:00\",\"breadcrumb\":{\"@id\":\"https:\\\/\\\/norens.se\\\/en\\\/consumer-products\\\/#breadcrumb\"},\"inLanguage\":\"en-US\",\"potentialAction\":[{\"@type\":\"ReadAction\",\"target\":[\"https:\\\/\\\/norens.se\\\/en\\\/consumer-products\\\/\"]}]},{\"@type\":\"ImageObject\",\"inLanguage\":\"en-US\",\"@id\":\"https:\\\/\\\/norens.se\\\/en\\\/consumer-products\\\/#primaryimage\",\"url\":\"https:\\\/\\\/norens.se\\\/wp-content\\\/uploads\\\/2019\\\/06\\\/NORENS_KONSUMENT.jpg\",\"contentUrl\":\"https:\\\/\\\/norens.se\\\/wp-content\\\/uploads\\\/2019\\\/06\\\/NORENS_KONSUMENT.jpg\",\"width\":800,\"height\":800},{\"@type\":\"BreadcrumbList\",\"@id\":\"https:\\\/\\\/norens.se\\\/en\\\/consumer-products\\\/#breadcrumb\",\"itemListElement\":[{\"@type\":\"ListItem\",\"position\":1,\"name\":\"Home\",\"item\":\"https:\\\/\\\/norens.se\\\/en\\\/\"},{\"@type\":\"ListItem\",\"position\":2,\"name\":\"Consumer products\"}]},{\"@type\":\"WebSite\",\"@id\":\"https:\\\/\\\/norens.se\\\/en\\\/#website\",\"url\":\"https:\\\/\\\/norens.se\\\/en\\\/\",\"name\":\"Nor\u00e9ns Patentbyr\u00e5\",\"description\":\"PATENT TRADEMARK DESIGN\",\"publisher\":{\"@id\":\"https:\\\/\\\/norens.se\\\/en\\\/#organization\"},\"potentialAction\":[{\"@type\":\"SearchAction\",\"target\":{\"@type\":\"EntryPoint\",\"urlTemplate\":\"https:\\\/\\\/norens.se\\\/en\\\/?s={search_term_string}\"},\"query-input\":{\"@type\":\"PropertyValueSpecification\",\"valueRequired\":true,\"valueName\":\"search_term_string\"}}],\"inLanguage\":\"en-US\"},{\"@type\":\"Organization\",\"@id\":\"https:\\\/\\\/norens.se\\\/en\\\/#organization\",\"name\":\"Norens Patentbyr\u00e5\",\"url\":\"https:\\\/\\\/norens.se\\\/en\\\/\",\"logo\":{\"@type\":\"ImageObject\",\"inLanguage\":\"en-US\",\"@id\":\"https:\\\/\\\/norens.se\\\/en\\\/#\\\/schema\\\/logo\\\/image\\\/\",\"url\":\"https:\\\/\\\/norens.se\\\/wp-content\\\/uploads\\\/2019\\\/09\\\/NORENS_1000.png\",\"contentUrl\":\"https:\\\/\\\/norens.se\\\/wp-content\\\/uploads\\\/2019\\\/09\\\/NORENS_1000.png\",\"width\":1000,\"height\":152,\"caption\":\"Norens Patentbyr\u00e5\"},\"image\":{\"@id\":\"https:\\\/\\\/norens.se\\\/en\\\/#\\\/schema\\\/logo\\\/image\\\/\"}}]}<\/script>\n<!-- \/ Yoast SEO plugin. -->","yoast_head_json":{"title":"Consumer products - Nor\u00e9ns Patentbyr\u00e5","robots":{"index":"index","follow":"follow","max-snippet":"max-snippet:-1","max-image-preview":"max-image-preview:large","max-video-preview":"max-video-preview:-1"},"canonical":"https:\/\/norens.se\/en\/consumer-products\/","og_locale":"en_US","og_type":"article","og_title":"Consumer products - Nor\u00e9ns Patentbyr\u00e5","og_description":"CONTACTNor\u00e9ns Patentbyr\u00e5 AB STOCKHOLM, SWEDEN +46 8 545 874 00 norens@norens.seConsumer ProductsNor\u00e9ns has a strong team that helps you to protect consumer products using trademarks, registered designs or patents.Example of what we do &nbsp; \u00a0File and prosecute trademark applicatios globally \u00a0Advice regardign display \u00a0Design protection for products, logotypes and packaging \u00a0Trademark watches. \u00a0Cancellation of trademarks [&hellip;]","og_url":"https:\/\/norens.se\/en\/consumer-products\/","og_site_name":"Nor\u00e9ns Patentbyr\u00e5","article_modified_time":"2026-02-05T13:49:15+00:00","og_image":[{"width":800,"height":800,"url":"https:\/\/norens.se\/wp-content\/uploads\/2019\/06\/NORENS_KONSUMENT.jpg","type":"image\/jpeg"}],"twitter_card":"summary_large_image","twitter_misc":{"Est. reading time":"8 minutes"},"schema":{"@context":"https:\/\/schema.org","@graph":[{"@type":"WebPage","@id":"https:\/\/norens.se\/en\/consumer-products\/","url":"https:\/\/norens.se\/en\/consumer-products\/","name":"Consumer products - Nor\u00e9ns Patentbyr\u00e5","isPartOf":{"@id":"https:\/\/norens.se\/en\/#website"},"primaryImageOfPage":{"@id":"https:\/\/norens.se\/en\/consumer-products\/#primaryimage"},"image":{"@id":"https:\/\/norens.se\/en\/consumer-products\/#primaryimage"},"thumbnailUrl":"https:\/\/norens.se\/wp-content\/uploads\/2019\/06\/NORENS_KONSUMENT.jpg","datePublished":"2019-10-04T20:36:16+00:00","dateModified":"2026-02-05T13:49:15+00:00","breadcrumb":{"@id":"https:\/\/norens.se\/en\/consumer-products\/#breadcrumb"},"inLanguage":"en-US","potentialAction":[{"@type":"ReadAction","target":["https:\/\/norens.se\/en\/consumer-products\/"]}]},{"@type":"ImageObject","inLanguage":"en-US","@id":"https:\/\/norens.se\/en\/consumer-products\/#primaryimage","url":"https:\/\/norens.se\/wp-content\/uploads\/2019\/06\/NORENS_KONSUMENT.jpg","contentUrl":"https:\/\/norens.se\/wp-content\/uploads\/2019\/06\/NORENS_KONSUMENT.jpg","width":800,"height":800},{"@type":"BreadcrumbList","@id":"https:\/\/norens.se\/en\/consumer-products\/#breadcrumb","itemListElement":[{"@type":"ListItem","position":1,"name":"Home","item":"https:\/\/norens.se\/en\/"},{"@type":"ListItem","position":2,"name":"Consumer products"}]},{"@type":"WebSite","@id":"https:\/\/norens.se\/en\/#website","url":"https:\/\/norens.se\/en\/","name":"Nor\u00e9ns Patentbyr\u00e5","description":"PATENT TRADEMARK DESIGN","publisher":{"@id":"https:\/\/norens.se\/en\/#organization"},"potentialAction":[{"@type":"SearchAction","target":{"@type":"EntryPoint","urlTemplate":"https:\/\/norens.se\/en\/?s={search_term_string}"},"query-input":{"@type":"PropertyValueSpecification","valueRequired":true,"valueName":"search_term_string"}}],"inLanguage":"en-US"},{"@type":"Organization","@id":"https:\/\/norens.se\/en\/#organization","name":"Norens Patentbyr\u00e5","url":"https:\/\/norens.se\/en\/","logo":{"@type":"ImageObject","inLanguage":"en-US","@id":"https:\/\/norens.se\/en\/#\/schema\/logo\/image\/","url":"https:\/\/norens.se\/wp-content\/uploads\/2019\/09\/NORENS_1000.png","contentUrl":"https:\/\/norens.se\/wp-content\/uploads\/2019\/09\/NORENS_1000.png","width":1000,"height":152,"caption":"Norens Patentbyr\u00e5"},"image":{"@id":"https:\/\/norens.se\/en\/#\/schema\/logo\/image\/"}}]}},"_links":{"self":[{"href":"https:\/\/norens.se\/en\/wp-json\/wp\/v2\/pages\/13556","targetHints":{"allow":["GET"]}}],"collection":[{"href":"https:\/\/norens.se\/en\/wp-json\/wp\/v2\/pages"}],"about":[{"href":"https:\/\/norens.se\/en\/wp-json\/wp\/v2\/types\/page"}],"author":[{"embeddable":true,"href":"https:\/\/norens.se\/en\/wp-json\/wp\/v2\/users\/6"}],"replies":[{"embeddable":true,"href":"https:\/\/norens.se\/en\/wp-json\/wp\/v2\/comments?post=13556"}],"version-history":[{"count":6,"href":"https:\/\/norens.se\/en\/wp-json\/wp\/v2\/pages\/13556\/revisions"}],"predecessor-version":[{"id":16303,"href":"https:\/\/norens.se\/en\/wp-json\/wp\/v2\/pages\/13556\/revisions\/16303"}],"wp:featuredmedia":[{"embeddable":true,"href":"https:\/\/norens.se\/en\/wp-json\/wp\/v2\/media\/13071"}],"wp:attachment":[{"href":"https:\/\/norens.se\/en\/wp-json\/wp\/v2\/media?parent=13556"}],"curies":[{"name":"wp","href":"https:\/\/api.w.org\/{rel}","templated":true}]}}